{"id":21816,"date":"2024-10-25T01:35:48","date_gmt":"2024-10-24T23:35:48","guid":{"rendered":"https:\/\/eterle.cz\/eshop\/produkt\/sklenice-na-vodu-2\/"},"modified":"2025-02-16T02:44:11","modified_gmt":"2025-02-16T01:44:11","slug":"sklenice-na-vodu-2","status":"publish","type":"product","link":"https:\/\/eterle.cz\/eshop\/produkt\/sklenice-na-vodu-2\/","title":{"rendered":"Sklenice na vodu"},"content":{"rendered":"<p>Velk\u00e9 sklenice na vodou v kou\u0159ov\u011b \u010dern\u00e9 barv\u011b z rodinn\u00e9 skl\u00e1rny Stan\u011bk Harachov.<\/p>\n<p>Stav: perfektn\u00ed<br \/>\nZna\u010dka: Stan\u011bk Harachov<br \/>\nRozm\u011br<br \/>\nV\u00fd\u0161ka: 15,5 cm<br \/>\nObjem: 500 ml<\/p>\n","protected":false},"excerpt":{"rendered":"<p>Velk\u00e9 sklenice na vodou v kou\u0159ov\u011b \u010dern\u00e9 barv\u011b z rodinn\u00e9 skl\u00e1rny Stan\u011bk Harachov. Stav: perfektn\u00ed Zna\u010dka: Stan\u011bk Harachov Rozm\u011br V\u00fd\u0161ka:<\/p>\n","protected":false},"featured_media":21817,"template":"","meta":[],"product_brand":[153],"product_cat":[91],"product_tag":[],"class_list":{"0":"post-21816","1":"product","2":"type-product","3":"status-publish","4":"has-post-thumbnail","6":"product_brand-eterle-cz","7":"product_cat-prodane","9":"first","10":"outofstock","11":"purchasable","12":"product-type-simple"},"_links":{"self":[{"href":"https:\/\/eterle.cz\/eshop\/wp-json\/wp\/v2\/product\/21816","targetHints":{"allow":["GET"]}}],"collection":[{"href":"https:\/\/eterle.cz\/eshop\/wp-json\/wp\/v2\/product"}],"about":[{"href":"https:\/\/eterle.cz\/eshop\/wp-json\/wp\/v2\/types\/product"}],"version-history":[{"count":0,"href":"https:\/\/eterle.cz\/eshop\/wp-json\/wp\/v2\/product\/21816\/revisions"}],"wp:featuredmedia":[{"embeddable":true,"href":"https:\/\/eterle.cz\/eshop\/wp-json\/wp\/v2\/media\/21817"}],"wp:attachment":[{"href":"https:\/\/eterle.cz\/eshop\/wp-json\/wp\/v2\/media?parent=21816"}],"wp:term":[{"taxonomy":"product_brand","embeddable":true,"href":"https:\/\/eterle.cz\/eshop\/wp-json\/wp\/v2\/product_brand?post=21816"},{"taxonomy":"product_cat","embeddable":true,"href":"https:\/\/eterle.cz\/eshop\/wp-json\/wp\/v2\/product_cat?post=21816"},{"taxonomy":"product_tag","embeddable":true,"href":"https:\/\/eterle.cz\/eshop\/wp-json\/wp\/v2\/product_tag?post=21816"}],"curies":[{"name":"wp","href":"https:\/\/api.w.org\/{rel}","templated":true}]}}