{"id":21826,"date":"2024-10-25T01:36:09","date_gmt":"2024-10-24T23:36:09","guid":{"rendered":"https:\/\/eterle.cz\/eshop\/produkt\/karafa-12\/"},"modified":"2025-02-16T02:44:10","modified_gmt":"2025-02-16T01:44:10","slug":"karafa-12","status":"publish","type":"product","link":"https:\/\/eterle.cz\/eshop\/produkt\/karafa-12\/","title":{"rendered":"Karafa"},"content":{"rendered":"<p>Staro\u017eitn\u00e1 brou\u0161en\u00e1 karafa na lik\u00e9r s brou\u0161enou z\u00e1tkou.<\/p>\n<p>Stav: velmi dobr\u00fd<br \/>\nRozm\u011br<br \/>\nV\u00fd\u0161ka: 23 cm<br \/>\nObjem: 580 ml<\/p>\n","protected":false},"excerpt":{"rendered":"<p>Staro\u017eitn\u00e1 brou\u0161en\u00e1 karafa na lik\u00e9r s brou\u0161enou z\u00e1tkou. Stav: velmi dobr\u00fd Rozm\u011br V\u00fd\u0161ka: 23 cm Objem: 580 ml<\/p>\n","protected":false},"featured_media":21827,"template":"","meta":[],"product_brand":[153],"product_cat":[91],"product_tag":[],"class_list":{"0":"post-21826","1":"product","2":"type-product","3":"status-publish","4":"has-post-thumbnail","6":"product_brand-eterle-cz","7":"product_cat-prodane","9":"first","10":"outofstock","11":"purchasable","12":"product-type-simple"},"_links":{"self":[{"href":"https:\/\/eterle.cz\/eshop\/wp-json\/wp\/v2\/product\/21826","targetHints":{"allow":["GET"]}}],"collection":[{"href":"https:\/\/eterle.cz\/eshop\/wp-json\/wp\/v2\/product"}],"about":[{"href":"https:\/\/eterle.cz\/eshop\/wp-json\/wp\/v2\/types\/product"}],"version-history":[{"count":0,"href":"https:\/\/eterle.cz\/eshop\/wp-json\/wp\/v2\/product\/21826\/revisions"}],"wp:featuredmedia":[{"embeddable":true,"href":"https:\/\/eterle.cz\/eshop\/wp-json\/wp\/v2\/media\/21827"}],"wp:attachment":[{"href":"https:\/\/eterle.cz\/eshop\/wp-json\/wp\/v2\/media?parent=21826"}],"wp:term":[{"taxonomy":"product_brand","embeddable":true,"href":"https:\/\/eterle.cz\/eshop\/wp-json\/wp\/v2\/product_brand?post=21826"},{"taxonomy":"product_cat","embeddable":true,"href":"https:\/\/eterle.cz\/eshop\/wp-json\/wp\/v2\/product_cat?post=21826"},{"taxonomy":"product_tag","embeddable":true,"href":"https:\/\/eterle.cz\/eshop\/wp-json\/wp\/v2\/product_tag?post=21826"}],"curies":[{"name":"wp","href":"https:\/\/api.w.org\/{rel}","templated":true}]}}