{"id":21833,"date":"2024-10-25T01:36:21","date_gmt":"2024-10-24T23:36:21","guid":{"rendered":"https:\/\/eterle.cz\/eshop\/produkt\/misa-na-noze-rosenthal-2\/"},"modified":"2025-02-16T02:44:10","modified_gmt":"2025-02-16T01:44:10","slug":"misa-na-noze-rosenthal-2","status":"publish","type":"product","link":"https:\/\/eterle.cz\/eshop\/produkt\/misa-na-noze-rosenthal-2\/","title":{"rendered":"M\u00edsa na noze \/ Rosenthal"},"content":{"rendered":"<p>Sklen\u011bn\u00e1 m\u00edsa na ovoce dle n\u00e1vrhu finsk\u00e9 design\u00e9rky Nanny Still McKinney pro n\u011bmeckou porcel\u00e1nku Rosenthal.<\/p>\n<p>Stav: velmi dobr\u00fd<br \/>\nZna\u010dka: Rosenthal<br \/>\nRozm\u011br<br \/>\nV\u00fd\u0161ka: 22 cm<br \/>\nPr\u016fm\u011br: 20,5 ml<\/p>\n","protected":false},"excerpt":{"rendered":"<p>Sklen\u011bn\u00e1 m\u00edsa na ovoce dle n\u00e1vrhu finsk\u00e9 design\u00e9rky Nanny Still McKinney pro n\u011bmeckou porcel\u00e1nku Rosenthal. Stav: velmi dobr\u00fd Zna\u010dka: Rosenthal<\/p>\n","protected":false},"featured_media":21834,"template":"","meta":[],"product_brand":[153],"product_cat":[91],"product_tag":[],"class_list":{"0":"post-21833","1":"product","2":"type-product","3":"status-publish","4":"has-post-thumbnail","6":"product_brand-eterle-cz","7":"product_cat-prodane","9":"first","10":"outofstock","11":"purchasable","12":"product-type-simple"},"_links":{"self":[{"href":"https:\/\/eterle.cz\/eshop\/wp-json\/wp\/v2\/product\/21833","targetHints":{"allow":["GET"]}}],"collection":[{"href":"https:\/\/eterle.cz\/eshop\/wp-json\/wp\/v2\/product"}],"about":[{"href":"https:\/\/eterle.cz\/eshop\/wp-json\/wp\/v2\/types\/product"}],"version-history":[{"count":0,"href":"https:\/\/eterle.cz\/eshop\/wp-json\/wp\/v2\/product\/21833\/revisions"}],"wp:featuredmedia":[{"embeddable":true,"href":"https:\/\/eterle.cz\/eshop\/wp-json\/wp\/v2\/media\/21834"}],"wp:attachment":[{"href":"https:\/\/eterle.cz\/eshop\/wp-json\/wp\/v2\/media?parent=21833"}],"wp:term":[{"taxonomy":"product_brand","embeddable":true,"href":"https:\/\/eterle.cz\/eshop\/wp-json\/wp\/v2\/product_brand?post=21833"},{"taxonomy":"product_cat","embeddable":true,"href":"https:\/\/eterle.cz\/eshop\/wp-json\/wp\/v2\/product_cat?post=21833"},{"taxonomy":"product_tag","embeddable":true,"href":"https:\/\/eterle.cz\/eshop\/wp-json\/wp\/v2\/product_tag?post=21833"}],"curies":[{"name":"wp","href":"https:\/\/api.w.org\/{rel}","templated":true}]}}