{"id":21846,"date":"2024-10-25T01:36:44","date_gmt":"2024-10-24T23:36:44","guid":{"rendered":"https:\/\/eterle.cz\/eshop\/produkt\/hlava-2\/"},"modified":"2025-02-16T02:44:09","modified_gmt":"2025-02-16T01:44:09","slug":"hlava-2","status":"publish","type":"product","link":"https:\/\/eterle.cz\/eshop\/produkt\/hlava-2\/","title":{"rendered":"Hlava 2"},"content":{"rendered":"<p>Sklen\u011bn\u00e1 hlava lze pou\u017e\u00edt voln\u011b jako dekorace nebo ji prakticky vyu\u017e\u00edt na odlo\u017een\u00ed klobouku \u010di sluch\u00e1tek.<\/p>\n<p>Stav: velmi dobr\u00fd<br \/>\nRozm\u011br<br \/>\nV\u00fd\u0161ka: 28 cm<br \/>\nHloubka: 21 cm<\/p>\n","protected":false},"excerpt":{"rendered":"<p>Sklen\u011bn\u00e1 hlava lze pou\u017e\u00edt voln\u011b jako dekorace nebo ji prakticky vyu\u017e\u00edt na odlo\u017een\u00ed klobouku \u010di sluch\u00e1tek. Stav: velmi dobr\u00fd Rozm\u011br<\/p>\n","protected":false},"featured_media":21847,"template":"","meta":[],"product_brand":[153],"product_cat":[91],"product_tag":[],"class_list":{"0":"post-21846","1":"product","2":"type-product","3":"status-publish","4":"has-post-thumbnail","6":"product_brand-eterle-cz","7":"product_cat-prodane","9":"first","10":"outofstock","11":"purchasable","12":"product-type-simple"},"_links":{"self":[{"href":"https:\/\/eterle.cz\/eshop\/wp-json\/wp\/v2\/product\/21846","targetHints":{"allow":["GET"]}}],"collection":[{"href":"https:\/\/eterle.cz\/eshop\/wp-json\/wp\/v2\/product"}],"about":[{"href":"https:\/\/eterle.cz\/eshop\/wp-json\/wp\/v2\/types\/product"}],"version-history":[{"count":0,"href":"https:\/\/eterle.cz\/eshop\/wp-json\/wp\/v2\/product\/21846\/revisions"}],"wp:featuredmedia":[{"embeddable":true,"href":"https:\/\/eterle.cz\/eshop\/wp-json\/wp\/v2\/media\/21847"}],"wp:attachment":[{"href":"https:\/\/eterle.cz\/eshop\/wp-json\/wp\/v2\/media?parent=21846"}],"wp:term":[{"taxonomy":"product_brand","embeddable":true,"href":"https:\/\/eterle.cz\/eshop\/wp-json\/wp\/v2\/product_brand?post=21846"},{"taxonomy":"product_cat","embeddable":true,"href":"https:\/\/eterle.cz\/eshop\/wp-json\/wp\/v2\/product_cat?post=21846"},{"taxonomy":"product_tag","embeddable":true,"href":"https:\/\/eterle.cz\/eshop\/wp-json\/wp\/v2\/product_tag?post=21846"}],"curies":[{"name":"wp","href":"https:\/\/api.w.org\/{rel}","templated":true}]}}