{"id":21852,"date":"2024-10-25T01:36:54","date_gmt":"2024-10-24T23:36:54","guid":{"rendered":"https:\/\/eterle.cz\/eshop\/produkt\/sada-6-sklenic-na-vino-4\/"},"modified":"2025-06-24T01:56:32","modified_gmt":"2025-06-23T23:56:32","slug":"sada-6-sklenic-na-vino-4","status":"publish","type":"product","link":"https:\/\/eterle.cz\/eshop\/produkt\/sada-6-sklenic-na-vino-4\/","title":{"rendered":"Sada 6 sklenic na v\u00edno"},"content":{"rendered":"<p>Sada 6 men\u0161\u00edch sklenic na v\u00edno \u010di lik\u00e9r jednoduch\u00e9ho klasick\u00e9ho tvaru s velmi jemn\u00fdm brusem hroznov\u00e9ho v\u00edna.<\/p>\n<p>Stav: dobr\u00fd<br \/>\nRozm\u011br<br \/>\nV\u00fd\u0161ka: 13 cm<br \/>\nObjem: 120 ml<\/p>\n","protected":false},"excerpt":{"rendered":"<p>Sada 6 men\u0161\u00edch sklenic na v\u00edno \u010di lik\u00e9r jednoduch\u00e9ho klasick\u00e9ho tvaru s velmi jemn\u00fdm brusem hroznov\u00e9ho v\u00edna. Stav: dobr\u00fd Rozm\u011br<\/p>\n","protected":false},"featured_media":21853,"template":"","meta":[],"product_brand":[153],"product_cat":[75,134],"product_tag":[],"class_list":{"0":"post-21852","1":"product","2":"type-product","3":"status-publish","4":"has-post-thumbnail","6":"product_brand-eterle-cz","7":"product_cat-sklo","8":"product_cat-sklenice","10":"first","11":"instock","12":"purchasable","13":"product-type-simple"},"_links":{"self":[{"href":"https:\/\/eterle.cz\/eshop\/wp-json\/wp\/v2\/product\/21852","targetHints":{"allow":["GET"]}}],"collection":[{"href":"https:\/\/eterle.cz\/eshop\/wp-json\/wp\/v2\/product"}],"about":[{"href":"https:\/\/eterle.cz\/eshop\/wp-json\/wp\/v2\/types\/product"}],"version-history":[{"count":1,"href":"https:\/\/eterle.cz\/eshop\/wp-json\/wp\/v2\/product\/21852\/revisions"}],"predecessor-version":[{"id":26594,"href":"https:\/\/eterle.cz\/eshop\/wp-json\/wp\/v2\/product\/21852\/revisions\/26594"}],"wp:featuredmedia":[{"embeddable":true,"href":"https:\/\/eterle.cz\/eshop\/wp-json\/wp\/v2\/media\/21853"}],"wp:attachment":[{"href":"https:\/\/eterle.cz\/eshop\/wp-json\/wp\/v2\/media?parent=21852"}],"wp:term":[{"taxonomy":"product_brand","embeddable":true,"href":"https:\/\/eterle.cz\/eshop\/wp-json\/wp\/v2\/product_brand?post=21852"},{"taxonomy":"product_cat","embeddable":true,"href":"https:\/\/eterle.cz\/eshop\/wp-json\/wp\/v2\/product_cat?post=21852"},{"taxonomy":"product_tag","embeddable":true,"href":"https:\/\/eterle.cz\/eshop\/wp-json\/wp\/v2\/product_tag?post=21852"}],"curies":[{"name":"wp","href":"https:\/\/api.w.org\/{rel}","templated":true}]}}