{"id":21862,"date":"2024-10-25T01:37:14","date_gmt":"2024-10-24T23:37:14","guid":{"rendered":"https:\/\/eterle.cz\/eshop\/produkt\/sada-6-sklenic-na-sampanske-3\/"},"modified":"2025-02-16T02:44:09","modified_gmt":"2025-02-16T01:44:09","slug":"sada-6-sklenic-na-sampanske-3","status":"publish","type":"product","link":"https:\/\/eterle.cz\/eshop\/produkt\/sada-6-sklenic-na-sampanske-3\/","title":{"rendered":"Sada 6 sklenic na \u0161ampa\u0148sk\u00e9"},"content":{"rendered":"<p>Sada 6 sklenic na \u0161ampa\u0148sk\u00e9 s \u0161estibokou stonkou. Poh\u00e1r je dokola zdoben snopy sv\u00e1zan\u00fdmi do ma\u0161le.<\/p>\n<p>Stav: z\u0159ejm\u011b jen vystaven\u00e9<br \/>\nRozm\u011br<br \/>\nV\u00fd\u0161ka: 23,5 cm<br \/>\nObjem: 150 ml<\/p>\n","protected":false},"excerpt":{"rendered":"<p>Sada 6 sklenic na \u0161ampa\u0148sk\u00e9 s \u0161estibokou stonkou. Poh\u00e1r je dokola zdoben snopy sv\u00e1zan\u00fdmi do ma\u0161le. Stav: z\u0159ejm\u011b jen vystaven\u00e9<\/p>\n","protected":false},"featured_media":21863,"template":"","meta":[],"product_brand":[153],"product_cat":[91],"product_tag":[],"class_list":{"0":"post-21862","1":"product","2":"type-product","3":"status-publish","4":"has-post-thumbnail","6":"product_brand-eterle-cz","7":"product_cat-prodane","9":"first","10":"outofstock","11":"purchasable","12":"product-type-simple"},"_links":{"self":[{"href":"https:\/\/eterle.cz\/eshop\/wp-json\/wp\/v2\/product\/21862","targetHints":{"allow":["GET"]}}],"collection":[{"href":"https:\/\/eterle.cz\/eshop\/wp-json\/wp\/v2\/product"}],"about":[{"href":"https:\/\/eterle.cz\/eshop\/wp-json\/wp\/v2\/types\/product"}],"version-history":[{"count":0,"href":"https:\/\/eterle.cz\/eshop\/wp-json\/wp\/v2\/product\/21862\/revisions"}],"wp:featuredmedia":[{"embeddable":true,"href":"https:\/\/eterle.cz\/eshop\/wp-json\/wp\/v2\/media\/21863"}],"wp:attachment":[{"href":"https:\/\/eterle.cz\/eshop\/wp-json\/wp\/v2\/media?parent=21862"}],"wp:term":[{"taxonomy":"product_brand","embeddable":true,"href":"https:\/\/eterle.cz\/eshop\/wp-json\/wp\/v2\/product_brand?post=21862"},{"taxonomy":"product_cat","embeddable":true,"href":"https:\/\/eterle.cz\/eshop\/wp-json\/wp\/v2\/product_cat?post=21862"},{"taxonomy":"product_tag","embeddable":true,"href":"https:\/\/eterle.cz\/eshop\/wp-json\/wp\/v2\/product_tag?post=21862"}],"curies":[{"name":"wp","href":"https:\/\/api.w.org\/{rel}","templated":true}]}}