{"id":21866,"date":"2024-10-25T01:37:21","date_gmt":"2024-10-24T23:37:21","guid":{"rendered":"https:\/\/eterle.cz\/eshop\/produkt\/sada-6-sklenic-na-vino-bormioli\/"},"modified":"2025-06-24T01:56:31","modified_gmt":"2025-06-23T23:56:31","slug":"sada-6-sklenic-na-vino-bormioli","status":"publish","type":"product","link":"https:\/\/eterle.cz\/eshop\/produkt\/sada-6-sklenic-na-vino-bormioli\/","title":{"rendered":"Sada 6 sklenic na v\u00edno \/ Bormioli"},"content":{"rendered":"<p>Sada 6 sklenic na v\u00edno od \u0161pi\u010dkov\u00e9ho  italsk\u00e9ho v\u00fdrobce Bormioli. Kombinace u\u0161lechtil\u00fdch materi\u00e1l\u016f a italk\u00e9ho designu v\u00e1m poskytne skv\u011bl\u00fd pro\u017eitek p\u0159i konzumaci v\u00edna.<\/p>\n<p>Stav: dobr\u00fd<br \/>\nZna\u010dka: Bormioli<br \/>\nRozm\u011br<br \/>\nV\u00fd\u0161ka: 22 cm<br \/>\nObjem: 300 ml<\/p>\n","protected":false},"excerpt":{"rendered":"<p>Sada 6 sklenic na v\u00edno od \u0161pi\u010dkov\u00e9ho italsk\u00e9ho v\u00fdrobce Bormioli. Kombinace u\u0161lechtil\u00fdch materi\u00e1l\u016f a italk\u00e9ho designu v\u00e1m poskytne skv\u011bl\u00fd pro\u017eitek<\/p>\n","protected":false},"featured_media":21867,"template":"","meta":[],"product_brand":[153],"product_cat":[75,134],"product_tag":[],"class_list":{"0":"post-21866","1":"product","2":"type-product","3":"status-publish","4":"has-post-thumbnail","6":"product_brand-eterle-cz","7":"product_cat-sklo","8":"product_cat-sklenice","10":"first","11":"instock","12":"purchasable","13":"product-type-simple"},"_links":{"self":[{"href":"https:\/\/eterle.cz\/eshop\/wp-json\/wp\/v2\/product\/21866","targetHints":{"allow":["GET"]}}],"collection":[{"href":"https:\/\/eterle.cz\/eshop\/wp-json\/wp\/v2\/product"}],"about":[{"href":"https:\/\/eterle.cz\/eshop\/wp-json\/wp\/v2\/types\/product"}],"version-history":[{"count":1,"href":"https:\/\/eterle.cz\/eshop\/wp-json\/wp\/v2\/product\/21866\/revisions"}],"predecessor-version":[{"id":26593,"href":"https:\/\/eterle.cz\/eshop\/wp-json\/wp\/v2\/product\/21866\/revisions\/26593"}],"wp:featuredmedia":[{"embeddable":true,"href":"https:\/\/eterle.cz\/eshop\/wp-json\/wp\/v2\/media\/21867"}],"wp:attachment":[{"href":"https:\/\/eterle.cz\/eshop\/wp-json\/wp\/v2\/media?parent=21866"}],"wp:term":[{"taxonomy":"product_brand","embeddable":true,"href":"https:\/\/eterle.cz\/eshop\/wp-json\/wp\/v2\/product_brand?post=21866"},{"taxonomy":"product_cat","embeddable":true,"href":"https:\/\/eterle.cz\/eshop\/wp-json\/wp\/v2\/product_cat?post=21866"},{"taxonomy":"product_tag","embeddable":true,"href":"https:\/\/eterle.cz\/eshop\/wp-json\/wp\/v2\/product_tag?post=21866"}],"curies":[{"name":"wp","href":"https:\/\/api.w.org\/{rel}","templated":true}]}}