{"id":21870,"date":"2024-10-25T01:37:28","date_gmt":"2024-10-24T23:37:28","guid":{"rendered":"https:\/\/eterle.cz\/eshop\/produkt\/sklenice-pro-par-moser\/"},"modified":"2025-02-16T02:44:08","modified_gmt":"2025-02-16T01:44:08","slug":"sklenice-pro-par-moser","status":"publish","type":"product","link":"https:\/\/eterle.cz\/eshop\/produkt\/sklenice-pro-par-moser\/","title":{"rendered":"Sklenice pro p\u00e1r \/ Moser"},"content":{"rendered":"<p>Sada sklenic pro p\u00e1r od zna\u010dky Moser. Pro d\u00e1mu na \u0161ampa\u0148sk\u00e9 z kolekce Paula, kter\u00e1 sice ji\u017e d\u00e1vno oslavila 100 let od sv\u00e9ho vzniku, ale dodnes zdob\u00ed slavnostn\u00ed tabule. Mezi p\u0159\u00edznivce t\u00e9to n\u00e1pojov\u00e9 soupravy pat\u0159\u00ed nap\u0159\u00edklad v\u00e9vodkyn\u011b Camilla, man\u017eelka kr\u00e1le Charlese III. Pro p\u00e1na skelnice na v\u00edno z kolekce Ophelia ve velmi podobn\u00e9m proveden\u00ed.<\/p>\n<p>Stav: perfektn\u00ed<br \/>\nZna\u010dka: Moser<br \/>\nRozm\u011br<br \/>\nV\u00fd\u0161ka: 23 cm, 28 cm<br \/>\nObjem: 200 ml, 100 ml<\/p>\n","protected":false},"excerpt":{"rendered":"<p>Sada sklenic pro p\u00e1r od zna\u010dky Moser. Pro d\u00e1mu na \u0161ampa\u0148sk\u00e9 z kolekce Paula, kter\u00e1 sice ji\u017e d\u00e1vno oslavila 100<\/p>\n","protected":false},"featured_media":21871,"template":"","meta":[],"product_brand":[153],"product_cat":[91],"product_tag":[],"class_list":{"0":"post-21870","1":"product","2":"type-product","3":"status-publish","4":"has-post-thumbnail","6":"product_brand-eterle-cz","7":"product_cat-prodane","9":"first","10":"outofstock","11":"purchasable","12":"product-type-simple"},"_links":{"self":[{"href":"https:\/\/eterle.cz\/eshop\/wp-json\/wp\/v2\/product\/21870","targetHints":{"allow":["GET"]}}],"collection":[{"href":"https:\/\/eterle.cz\/eshop\/wp-json\/wp\/v2\/product"}],"about":[{"href":"https:\/\/eterle.cz\/eshop\/wp-json\/wp\/v2\/types\/product"}],"version-history":[{"count":0,"href":"https:\/\/eterle.cz\/eshop\/wp-json\/wp\/v2\/product\/21870\/revisions"}],"wp:featuredmedia":[{"embeddable":true,"href":"https:\/\/eterle.cz\/eshop\/wp-json\/wp\/v2\/media\/21871"}],"wp:attachment":[{"href":"https:\/\/eterle.cz\/eshop\/wp-json\/wp\/v2\/media?parent=21870"}],"wp:term":[{"taxonomy":"product_brand","embeddable":true,"href":"https:\/\/eterle.cz\/eshop\/wp-json\/wp\/v2\/product_brand?post=21870"},{"taxonomy":"product_cat","embeddable":true,"href":"https:\/\/eterle.cz\/eshop\/wp-json\/wp\/v2\/product_cat?post=21870"},{"taxonomy":"product_tag","embeddable":true,"href":"https:\/\/eterle.cz\/eshop\/wp-json\/wp\/v2\/product_tag?post=21870"}],"curies":[{"name":"wp","href":"https:\/\/api.w.org\/{rel}","templated":true}]}}