{"id":21911,"date":"2024-10-25T01:38:43","date_gmt":"2024-10-24T23:38:43","guid":{"rendered":"https:\/\/eterle.cz\/eshop\/produkt\/vaza-moser\/"},"modified":"2025-08-06T12:58:39","modified_gmt":"2025-08-06T10:58:39","slug":"vaza-moser","status":"publish","type":"product","link":"https:\/\/eterle.cz\/eshop\/produkt\/vaza-moser\/","title":{"rendered":"V\u00e1za \/ Moser"},"content":{"rendered":"<p>Studiov\u00e1 v\u00e1za v jednom origin\u00e1ln\u00edm kusu od skl\u00e1rny Moser. Na n\u00e1vrhu spolupracovalo n\u011bkolik design\u00e9r\u016f. V\u00e1za m\u00e1 vyp\u00edskovan\u00e9 logo i origin\u00e1l krabici.<\/p>\n<p>Stav: v\u00fdborn\u00fd, s origin\u00e1l krabic\u00ed<br \/>\nZna\u010dka: Moser<br \/>\nRozm\u011br<br \/>\nV\u00fd\u0161ka: 40,5 cm<br \/>\nPr\u016fm\u011br otvoru: 9,5 cm<\/p>\n","protected":false},"excerpt":{"rendered":"<p>Studiov\u00e1 v\u00e1za v jednom origin\u00e1ln\u00edm kusu od skl\u00e1rny Moser. Na n\u00e1vrhu spolupracovalo n\u011bkolik design\u00e9r\u016f. V\u00e1za m\u00e1 vyp\u00edskovan\u00e9 logo i origin\u00e1l<\/p>\n","protected":false},"featured_media":21912,"template":"","meta":[],"product_brand":[153],"product_cat":[94],"product_tag":[],"class_list":{"0":"post-21911","1":"product","2":"type-product","3":"status-publish","4":"has-post-thumbnail","6":"product_brand-eterle-cz","7":"product_cat-vazy","8":"product_shipping_class-nadrozmerne","10":"first","11":"instock","12":"purchasable","13":"product-type-simple"},"_links":{"self":[{"href":"https:\/\/eterle.cz\/eshop\/wp-json\/wp\/v2\/product\/21911","targetHints":{"allow":["GET"]}}],"collection":[{"href":"https:\/\/eterle.cz\/eshop\/wp-json\/wp\/v2\/product"}],"about":[{"href":"https:\/\/eterle.cz\/eshop\/wp-json\/wp\/v2\/types\/product"}],"version-history":[{"count":3,"href":"https:\/\/eterle.cz\/eshop\/wp-json\/wp\/v2\/product\/21911\/revisions"}],"predecessor-version":[{"id":27800,"href":"https:\/\/eterle.cz\/eshop\/wp-json\/wp\/v2\/product\/21911\/revisions\/27800"}],"wp:featuredmedia":[{"embeddable":true,"href":"https:\/\/eterle.cz\/eshop\/wp-json\/wp\/v2\/media\/21912"}],"wp:attachment":[{"href":"https:\/\/eterle.cz\/eshop\/wp-json\/wp\/v2\/media?parent=21911"}],"wp:term":[{"taxonomy":"product_brand","embeddable":true,"href":"https:\/\/eterle.cz\/eshop\/wp-json\/wp\/v2\/product_brand?post=21911"},{"taxonomy":"product_cat","embeddable":true,"href":"https:\/\/eterle.cz\/eshop\/wp-json\/wp\/v2\/product_cat?post=21911"},{"taxonomy":"product_tag","embeddable":true,"href":"https:\/\/eterle.cz\/eshop\/wp-json\/wp\/v2\/product_tag?post=21911"}],"curies":[{"name":"wp","href":"https:\/\/api.w.org\/{rel}","templated":true}]}}