{"id":21930,"date":"2024-10-25T01:39:19","date_gmt":"2024-10-24T23:39:19","guid":{"rendered":"https:\/\/eterle.cz\/eshop\/produkt\/bile-kreslo-boucle\/"},"modified":"2025-10-27T11:09:08","modified_gmt":"2025-10-27T10:09:08","slug":"bile-kreslo-boucle","status":"publish","type":"product","link":"https:\/\/eterle.cz\/eshop\/produkt\/bile-kreslo-boucle\/","title":{"rendered":"B\u00edl\u00e9 k\u0159eslo boucle"},"content":{"rendered":"<p>Kr\u00e1sn\u00e9 k\u0159eslo pravd\u011bpodobn\u011b z 50. z let minul\u00e9ho stolet\u00ed po kompletn\u00ed renovaci. Kombinace nyn\u00ed velmi \u017e\u00e1dan\u00e9ho boucl\u00e9 v b\u00edl\u00e9 barv\u011b v kombinaci s tmav\u00fdm d\u0159evem p\u016fsob\u00ed velmi elegantn\u011b.<\/p>\n<p>Stav: po renovaci<br \/>\nRozm\u011br<br \/>\nV\u00fd\u0161ka: 86 cm<br \/>\n\u0160\u00ed\u0159ka: 69 cm<br \/>\nHloubka: 80 cm<br \/>\nV\u00fd\u0161ka sed\u00e1ku: 45 cm<\/p>\n","protected":false},"excerpt":{"rendered":"<p>Kr\u00e1sn\u00e9 k\u0159eslo pravd\u011bpodobn\u011b z 50. z let minul\u00e9ho stolet\u00ed po kompletn\u00ed renovaci. Kombinace nyn\u00ed velmi \u017e\u00e1dan\u00e9ho boucl\u00e9 v b\u00edl\u00e9 barv\u011b<\/p>\n","protected":false},"featured_media":21931,"template":"","meta":[],"product_brand":[153],"product_cat":[130,122],"product_tag":[],"class_list":{"0":"post-21930","1":"product","2":"type-product","3":"status-publish","4":"has-post-thumbnail","6":"product_brand-eterle-cz","7":"product_cat-nabytek","8":"product_cat-kresla-a-taburety","9":"product_shipping_class-nadrozmerne","11":"first","12":"instock","13":"featured","14":"purchasable","15":"product-type-simple"},"_links":{"self":[{"href":"https:\/\/eterle.cz\/eshop\/wp-json\/wp\/v2\/product\/21930","targetHints":{"allow":["GET"]}}],"collection":[{"href":"https:\/\/eterle.cz\/eshop\/wp-json\/wp\/v2\/product"}],"about":[{"href":"https:\/\/eterle.cz\/eshop\/wp-json\/wp\/v2\/types\/product"}],"version-history":[{"count":6,"href":"https:\/\/eterle.cz\/eshop\/wp-json\/wp\/v2\/product\/21930\/revisions"}],"predecessor-version":[{"id":30693,"href":"https:\/\/eterle.cz\/eshop\/wp-json\/wp\/v2\/product\/21930\/revisions\/30693"}],"wp:featuredmedia":[{"embeddable":true,"href":"https:\/\/eterle.cz\/eshop\/wp-json\/wp\/v2\/media\/21931"}],"wp:attachment":[{"href":"https:\/\/eterle.cz\/eshop\/wp-json\/wp\/v2\/media?parent=21930"}],"wp:term":[{"taxonomy":"product_brand","embeddable":true,"href":"https:\/\/eterle.cz\/eshop\/wp-json\/wp\/v2\/product_brand?post=21930"},{"taxonomy":"product_cat","embeddable":true,"href":"https:\/\/eterle.cz\/eshop\/wp-json\/wp\/v2\/product_cat?post=21930"},{"taxonomy":"product_tag","embeddable":true,"href":"https:\/\/eterle.cz\/eshop\/wp-json\/wp\/v2\/product_tag?post=21930"}],"curies":[{"name":"wp","href":"https:\/\/api.w.org\/{rel}","templated":true}]}}