{"id":21947,"date":"2024-10-25T01:39:48","date_gmt":"2024-10-24T23:39:48","guid":{"rendered":"https:\/\/eterle.cz\/eshop\/produkt\/stojaci-lampa-6\/"},"modified":"2025-10-08T22:45:41","modified_gmt":"2025-10-08T20:45:41","slug":"stojaci-lampa-6","status":"publish","type":"product","link":"https:\/\/eterle.cz\/eshop\/produkt\/stojaci-lampa-6\/","title":{"rendered":"Stojac\u00ed lampa"},"content":{"rendered":"<p>Subtiln\u00ed retro stojac\u00ed lampa z obdob\u00ed bruselu s velk\u00fdm st\u00ednidlem.<\/p>\n<p>Stav: dobr\u00fd p\u016fvodn\u00ed zachoval\u00fd, elekt\u0159ina tak\u00e9 p\u016fvodn\u00ed, funk\u010dn\u00ed<br \/>\nRozm\u011br<br \/>\nV\u00fd\u0161ka celkov\u00e1: 150<br \/>\nPr\u016fm\u011br cel\u00e9 horn\u00ed lampy: 62 cm<\/p>\n","protected":false},"excerpt":{"rendered":"<p>Subtiln\u00ed retro stojac\u00ed lampa z obdob\u00ed bruselu s velk\u00fdm st\u00ednidlem. Stav: dobr\u00fd p\u016fvodn\u00ed zachoval\u00fd, elekt\u0159ina tak\u00e9 p\u016fvodn\u00ed, funk\u010dn\u00ed Rozm\u011br V\u00fd\u0161ka<\/p>\n","protected":false},"featured_media":21948,"template":"","meta":[],"product_brand":[153],"product_cat":[91],"product_tag":[],"class_list":{"0":"post-21947","1":"product","2":"type-product","3":"status-publish","4":"has-post-thumbnail","6":"product_brand-eterle-cz","7":"product_cat-prodane","8":"product_shipping_class-nadrozmerne","10":"first","11":"instock","12":"purchasable","13":"product-type-simple"},"_links":{"self":[{"href":"https:\/\/eterle.cz\/eshop\/wp-json\/wp\/v2\/product\/21947","targetHints":{"allow":["GET"]}}],"collection":[{"href":"https:\/\/eterle.cz\/eshop\/wp-json\/wp\/v2\/product"}],"about":[{"href":"https:\/\/eterle.cz\/eshop\/wp-json\/wp\/v2\/types\/product"}],"version-history":[{"count":3,"href":"https:\/\/eterle.cz\/eshop\/wp-json\/wp\/v2\/product\/21947\/revisions"}],"predecessor-version":[{"id":29409,"href":"https:\/\/eterle.cz\/eshop\/wp-json\/wp\/v2\/product\/21947\/revisions\/29409"}],"wp:featuredmedia":[{"embeddable":true,"href":"https:\/\/eterle.cz\/eshop\/wp-json\/wp\/v2\/media\/21948"}],"wp:attachment":[{"href":"https:\/\/eterle.cz\/eshop\/wp-json\/wp\/v2\/media?parent=21947"}],"wp:term":[{"taxonomy":"product_brand","embeddable":true,"href":"https:\/\/eterle.cz\/eshop\/wp-json\/wp\/v2\/product_brand?post=21947"},{"taxonomy":"product_cat","embeddable":true,"href":"https:\/\/eterle.cz\/eshop\/wp-json\/wp\/v2\/product_cat?post=21947"},{"taxonomy":"product_tag","embeddable":true,"href":"https:\/\/eterle.cz\/eshop\/wp-json\/wp\/v2\/product_tag?post=21947"}],"curies":[{"name":"wp","href":"https:\/\/api.w.org\/{rel}","templated":true}]}}