{"id":21998,"date":"2024-10-31T01:46:14","date_gmt":"2024-10-31T00:46:14","guid":{"rendered":"https:\/\/eterle.cz\/eshop\/produkt\/konferencni-stolek-m-breuer\/"},"modified":"2025-02-16T02:44:04","modified_gmt":"2025-02-16T01:44:04","slug":"konferencni-stolek-m-breuer","status":"publish","type":"product","link":"https:\/\/eterle.cz\/eshop\/produkt\/konferencni-stolek-m-breuer\/","title":{"rendered":"Konferen\u010dn\u00ed stolek \/ M. Breuer"},"content":{"rendered":"<p>Funkcionalistick\u00fd odkl\u00e1dac\u00ed stolek z 30. let minul\u00e9ho stolet\u00ed vyroben dle n\u00e1vrhu Marcela Breuera firmou M\u00fccke-Melder.<\/p>\n<p>Stav: p\u016fvodn\u00ed s patinou, chrom s patinou<br \/>\nZna\u010dka: Marcel Breuer<br \/>\nRozm\u011br<br \/>\nV\u00fd\u0161ka: 46 cm<br \/>\n\u0160\u00ed\u0159ka: 45 cm<br \/>\nHloubka: 39 cm<\/p>\n","protected":false},"excerpt":{"rendered":"<p>Funkcionalistick\u00fd odkl\u00e1dac\u00ed stolek z 30. let minul\u00e9ho stolet\u00ed vyroben dle n\u00e1vrhu Marcela Breuera firmou M\u00fccke-Melder. Stav: p\u016fvodn\u00ed s patinou, chrom<\/p>\n","protected":false},"featured_media":21999,"template":"","meta":[],"product_brand":[153],"product_cat":[91],"product_tag":[],"class_list":{"0":"post-21998","1":"product","2":"type-product","3":"status-publish","4":"has-post-thumbnail","6":"product_brand-eterle-cz","7":"product_cat-prodane","8":"product_shipping_class-nadrozmerne","10":"first","11":"outofstock","12":"purchasable","13":"product-type-simple"},"_links":{"self":[{"href":"https:\/\/eterle.cz\/eshop\/wp-json\/wp\/v2\/product\/21998","targetHints":{"allow":["GET"]}}],"collection":[{"href":"https:\/\/eterle.cz\/eshop\/wp-json\/wp\/v2\/product"}],"about":[{"href":"https:\/\/eterle.cz\/eshop\/wp-json\/wp\/v2\/types\/product"}],"version-history":[{"count":0,"href":"https:\/\/eterle.cz\/eshop\/wp-json\/wp\/v2\/product\/21998\/revisions"}],"wp:featuredmedia":[{"embeddable":true,"href":"https:\/\/eterle.cz\/eshop\/wp-json\/wp\/v2\/media\/21999"}],"wp:attachment":[{"href":"https:\/\/eterle.cz\/eshop\/wp-json\/wp\/v2\/media?parent=21998"}],"wp:term":[{"taxonomy":"product_brand","embeddable":true,"href":"https:\/\/eterle.cz\/eshop\/wp-json\/wp\/v2\/product_brand?post=21998"},{"taxonomy":"product_cat","embeddable":true,"href":"https:\/\/eterle.cz\/eshop\/wp-json\/wp\/v2\/product_cat?post=21998"},{"taxonomy":"product_tag","embeddable":true,"href":"https:\/\/eterle.cz\/eshop\/wp-json\/wp\/v2\/product_tag?post=21998"}],"curies":[{"name":"wp","href":"https:\/\/api.w.org\/{rel}","templated":true}]}}