{"id":22005,"date":"2024-10-31T01:46:31","date_gmt":"2024-10-31T00:46:31","guid":{"rendered":"https:\/\/eterle.cz\/eshop\/produkt\/stolek-na-kytky\/"},"modified":"2025-02-16T02:44:03","modified_gmt":"2025-02-16T01:44:03","slug":"stolek-na-kytky","status":"publish","type":"product","link":"https:\/\/eterle.cz\/eshop\/produkt\/stolek-na-kytky\/","title":{"rendered":"Stolek na kytky"},"content":{"rendered":"<p>Kv\u011btinov\u00fd stolek z 60. let minul\u00e9ho stolet\u00ed p\u016fsob\u00ed d\u00edky bled\u011bmodr\u00e9 barv\u011b keramiky v kombinaci s mosaz\u00ed velmi sv\u011b\u017e\u00edm dojmem. Hezk\u00fd je i detail zakon\u010den\u00ed nohou.<\/p>\n<p>Stav: dobr\u00fd p\u016fvodn\u00ed<br \/>\nRozm\u011br<br \/>\nV\u00fd\u0161ka: 29 cm<br \/>\nPr\u016fm\u011br: 40 cm<\/p>\n","protected":false},"excerpt":{"rendered":"<p>Kv\u011btinov\u00fd stolek z 60. let minul\u00e9ho stolet\u00ed p\u016fsob\u00ed d\u00edky bled\u011bmodr\u00e9 barv\u011b keramiky v kombinaci s mosaz\u00ed velmi sv\u011b\u017e\u00edm dojmem. Hezk\u00fd<\/p>\n","protected":false},"featured_media":22006,"template":"","meta":[],"product_brand":[153],"product_cat":[91],"product_tag":[],"class_list":{"0":"post-22005","1":"product","2":"type-product","3":"status-publish","4":"has-post-thumbnail","6":"product_brand-eterle-cz","7":"product_cat-prodane","8":"product_shipping_class-nadrozmerne","10":"first","11":"outofstock","12":"purchasable","13":"product-type-simple"},"_links":{"self":[{"href":"https:\/\/eterle.cz\/eshop\/wp-json\/wp\/v2\/product\/22005","targetHints":{"allow":["GET"]}}],"collection":[{"href":"https:\/\/eterle.cz\/eshop\/wp-json\/wp\/v2\/product"}],"about":[{"href":"https:\/\/eterle.cz\/eshop\/wp-json\/wp\/v2\/types\/product"}],"version-history":[{"count":0,"href":"https:\/\/eterle.cz\/eshop\/wp-json\/wp\/v2\/product\/22005\/revisions"}],"wp:featuredmedia":[{"embeddable":true,"href":"https:\/\/eterle.cz\/eshop\/wp-json\/wp\/v2\/media\/22006"}],"wp:attachment":[{"href":"https:\/\/eterle.cz\/eshop\/wp-json\/wp\/v2\/media?parent=22005"}],"wp:term":[{"taxonomy":"product_brand","embeddable":true,"href":"https:\/\/eterle.cz\/eshop\/wp-json\/wp\/v2\/product_brand?post=22005"},{"taxonomy":"product_cat","embeddable":true,"href":"https:\/\/eterle.cz\/eshop\/wp-json\/wp\/v2\/product_cat?post=22005"},{"taxonomy":"product_tag","embeddable":true,"href":"https:\/\/eterle.cz\/eshop\/wp-json\/wp\/v2\/product_tag?post=22005"}],"curies":[{"name":"wp","href":"https:\/\/api.w.org\/{rel}","templated":true}]}}