{"id":22010,"date":"2024-10-31T01:46:43","date_gmt":"2024-10-31T00:46:43","guid":{"rendered":"https:\/\/eterle.cz\/eshop\/produkt\/kvetinovy-stojan\/"},"modified":"2025-06-24T01:56:29","modified_gmt":"2025-06-23T23:56:29","slug":"kvetinovy-stojan","status":"publish","type":"product","link":"https:\/\/eterle.cz\/eshop\/produkt\/kvetinovy-stojan\/","title":{"rendered":"Kv\u011btinov\u00fd stojan"},"content":{"rendered":"<p>Kovov\u00fd origin\u00e1ln\u00ed stojan na kv\u011btiny se \u010dty\u0159mi dr\u017e\u00e1ky ve tvaru kornoutu na zmrzlinu ur\u010dit\u011b zaujme v ka\u017ed\u00e9m prostoru.<\/p>\n<p>Stav: p\u016fvodn\u00ed s patinou<br \/>\nRozm\u011br<br \/>\nV\u00fd\u0161ka: 125 cm<br \/>\n\u0160\u00ed\u0159ka z\u00e1kladny: 50 cm<br \/>\nHorn\u00ed vnit\u0159n\u00ed pr\u016fm\u011br kornoutu: 12 cm<br \/>\nV\u00fd\u0161ka kornoutu: 20 cm<\/p>\n","protected":false},"excerpt":{"rendered":"<p>Kovov\u00fd origin\u00e1ln\u00ed stojan na kv\u011btiny se \u010dty\u0159mi dr\u017e\u00e1ky ve tvaru kornoutu na zmrzlinu ur\u010dit\u011b zaujme v ka\u017ed\u00e9m prostoru. Stav: p\u016fvodn\u00ed<\/p>\n","protected":false},"featured_media":22011,"template":"","meta":[],"product_brand":[153],"product_cat":[80,137],"product_tag":[],"class_list":{"0":"post-22010","1":"product","2":"type-product","3":"status-publish","4":"has-post-thumbnail","6":"product_brand-eterle-cz","7":"product_cat-dekorace","8":"product_cat-ostatni-dekorace","9":"product_shipping_class-nadrozmerne","11":"first","12":"instock","13":"purchasable","14":"product-type-simple"},"_links":{"self":[{"href":"https:\/\/eterle.cz\/eshop\/wp-json\/wp\/v2\/product\/22010","targetHints":{"allow":["GET"]}}],"collection":[{"href":"https:\/\/eterle.cz\/eshop\/wp-json\/wp\/v2\/product"}],"about":[{"href":"https:\/\/eterle.cz\/eshop\/wp-json\/wp\/v2\/types\/product"}],"version-history":[{"count":1,"href":"https:\/\/eterle.cz\/eshop\/wp-json\/wp\/v2\/product\/22010\/revisions"}],"predecessor-version":[{"id":26580,"href":"https:\/\/eterle.cz\/eshop\/wp-json\/wp\/v2\/product\/22010\/revisions\/26580"}],"wp:featuredmedia":[{"embeddable":true,"href":"https:\/\/eterle.cz\/eshop\/wp-json\/wp\/v2\/media\/22011"}],"wp:attachment":[{"href":"https:\/\/eterle.cz\/eshop\/wp-json\/wp\/v2\/media?parent=22010"}],"wp:term":[{"taxonomy":"product_brand","embeddable":true,"href":"https:\/\/eterle.cz\/eshop\/wp-json\/wp\/v2\/product_brand?post=22010"},{"taxonomy":"product_cat","embeddable":true,"href":"https:\/\/eterle.cz\/eshop\/wp-json\/wp\/v2\/product_cat?post=22010"},{"taxonomy":"product_tag","embeddable":true,"href":"https:\/\/eterle.cz\/eshop\/wp-json\/wp\/v2\/product_tag?post=22010"}],"curies":[{"name":"wp","href":"https:\/\/api.w.org\/{rel}","templated":true}]}}