{"id":22083,"date":"2024-10-31T01:49:35","date_gmt":"2024-10-31T00:49:35","guid":{"rendered":"https:\/\/eterle.cz\/eshop\/produkt\/lustr-10\/"},"modified":"2025-02-16T02:44:01","modified_gmt":"2025-02-16T01:44:01","slug":"lustr-10","status":"publish","type":"product","link":"https:\/\/eterle.cz\/eshop\/produkt\/lustr-10\/","title":{"rendered":"Lustr"},"content":{"rendered":"<p>Sklen\u011bn\u00fd lustr z op\u00e1lov\u00e9ho skla zaj\u00edmav\u00e9ho kask\u00e1dovit\u00e9ho tvaru p\u016fsob\u00ed velmi elegantn\u011b.<\/p>\n<p>Stav: velmi dobr\u00fd, nov\u00e1 elektroinstalace<br \/>\nRozm\u011br<br \/>\nV\u00fd\u0161ka celkov\u00e1: 72 cm<br \/>\nV\u00fd\u0161ka ty\u010de: 47 cm<br \/>\nPr\u016fm\u011br st\u00ednidla: 19 cm<br \/>\nD\u00e9lka st\u00ednidla: 20 cm<\/p>\n","protected":false},"excerpt":{"rendered":"<p>Sklen\u011bn\u00fd lustr z op\u00e1lov\u00e9ho skla zaj\u00edmav\u00e9ho kask\u00e1dovit\u00e9ho tvaru p\u016fsob\u00ed velmi elegantn\u011b. Stav: velmi dobr\u00fd, nov\u00e1 elektroinstalace Rozm\u011br V\u00fd\u0161ka celkov\u00e1: 72<\/p>\n","protected":false},"featured_media":22084,"template":"","meta":[],"product_brand":[153],"product_cat":[91],"product_tag":[],"class_list":{"0":"post-22083","1":"product","2":"type-product","3":"status-publish","4":"has-post-thumbnail","6":"product_brand-eterle-cz","7":"product_cat-prodane","8":"product_shipping_class-nadrozmerne","10":"first","11":"outofstock","12":"purchasable","13":"product-type-simple"},"_links":{"self":[{"href":"https:\/\/eterle.cz\/eshop\/wp-json\/wp\/v2\/product\/22083","targetHints":{"allow":["GET"]}}],"collection":[{"href":"https:\/\/eterle.cz\/eshop\/wp-json\/wp\/v2\/product"}],"about":[{"href":"https:\/\/eterle.cz\/eshop\/wp-json\/wp\/v2\/types\/product"}],"version-history":[{"count":1,"href":"https:\/\/eterle.cz\/eshop\/wp-json\/wp\/v2\/product\/22083\/revisions"}],"predecessor-version":[{"id":23031,"href":"https:\/\/eterle.cz\/eshop\/wp-json\/wp\/v2\/product\/22083\/revisions\/23031"}],"wp:featuredmedia":[{"embeddable":true,"href":"https:\/\/eterle.cz\/eshop\/wp-json\/wp\/v2\/media\/22084"}],"wp:attachment":[{"href":"https:\/\/eterle.cz\/eshop\/wp-json\/wp\/v2\/media?parent=22083"}],"wp:term":[{"taxonomy":"product_brand","embeddable":true,"href":"https:\/\/eterle.cz\/eshop\/wp-json\/wp\/v2\/product_brand?post=22083"},{"taxonomy":"product_cat","embeddable":true,"href":"https:\/\/eterle.cz\/eshop\/wp-json\/wp\/v2\/product_cat?post=22083"},{"taxonomy":"product_tag","embeddable":true,"href":"https:\/\/eterle.cz\/eshop\/wp-json\/wp\/v2\/product_tag?post=22083"}],"curies":[{"name":"wp","href":"https:\/\/api.w.org\/{rel}","templated":true}]}}