{"id":22098,"date":"2024-10-31T01:50:13","date_gmt":"2024-10-31T00:50:13","guid":{"rendered":"https:\/\/eterle.cz\/eshop\/produkt\/velky-lustr-lampion\/"},"modified":"2025-08-04T22:31:52","modified_gmt":"2025-08-04T20:31:52","slug":"velky-lustr-lampion","status":"publish","type":"product","link":"https:\/\/eterle.cz\/eshop\/produkt\/velky-lustr-lampion\/","title":{"rendered":"Velk\u00fd lustr &#8222;lampion&#8220;"},"content":{"rendered":"<p>Velk\u00fd lustr z op\u00e1lov\u00e9ho skla jeho\u017e kask\u00e1dovit\u00fd tvar p\u0159ipom\u00edn\u00e1 japonsk\u00e9 lampiony.<\/p>\n<p>Stav: p\u016fvodn\u00ed, nov\u00e1 elektroinstalace, po\u0161kozen\u00e9 zlacen\u00ed u krytu na strop\u011b<br \/>\nRozm\u011br<br \/>\nV\u00fd\u0161ka celkov\u00e1: 96 cm<br \/>\nV\u00fd\u0161ka ty\u010de: 60 cm<br \/>\nPr\u016fm\u011br st\u00ednidla: 45 cm<br \/>\nD\u00e9lka st\u00ednidla: 35 cm<\/p>\n","protected":false},"excerpt":{"rendered":"<p>Velk\u00fd lustr z op\u00e1lov\u00e9ho skla jeho\u017e kask\u00e1dovit\u00fd tvar p\u0159ipom\u00edn\u00e1 japonsk\u00e9 lampiony. Stav: p\u016fvodn\u00ed, nov\u00e1 elektroinstalace, po\u0161kozen\u00e9 zlacen\u00ed u krytu na<\/p>\n","protected":false},"featured_media":22099,"template":"","meta":[],"product_brand":[153],"product_cat":[91],"product_tag":[],"class_list":{"0":"post-22098","1":"product","2":"type-product","3":"status-publish","4":"has-post-thumbnail","6":"product_brand-eterle-cz","7":"product_cat-prodane","8":"product_shipping_class-nadrozmerne","10":"first","11":"outofstock","12":"purchasable","13":"product-type-simple"},"_links":{"self":[{"href":"https:\/\/eterle.cz\/eshop\/wp-json\/wp\/v2\/product\/22098","targetHints":{"allow":["GET"]}}],"collection":[{"href":"https:\/\/eterle.cz\/eshop\/wp-json\/wp\/v2\/product"}],"about":[{"href":"https:\/\/eterle.cz\/eshop\/wp-json\/wp\/v2\/types\/product"}],"version-history":[{"count":1,"href":"https:\/\/eterle.cz\/eshop\/wp-json\/wp\/v2\/product\/22098\/revisions"}],"predecessor-version":[{"id":26575,"href":"https:\/\/eterle.cz\/eshop\/wp-json\/wp\/v2\/product\/22098\/revisions\/26575"}],"wp:featuredmedia":[{"embeddable":true,"href":"https:\/\/eterle.cz\/eshop\/wp-json\/wp\/v2\/media\/22099"}],"wp:attachment":[{"href":"https:\/\/eterle.cz\/eshop\/wp-json\/wp\/v2\/media?parent=22098"}],"wp:term":[{"taxonomy":"product_brand","embeddable":true,"href":"https:\/\/eterle.cz\/eshop\/wp-json\/wp\/v2\/product_brand?post=22098"},{"taxonomy":"product_cat","embeddable":true,"href":"https:\/\/eterle.cz\/eshop\/wp-json\/wp\/v2\/product_cat?post=22098"},{"taxonomy":"product_tag","embeddable":true,"href":"https:\/\/eterle.cz\/eshop\/wp-json\/wp\/v2\/product_tag?post=22098"}],"curies":[{"name":"wp","href":"https:\/\/api.w.org\/{rel}","templated":true}]}}