{"id":22106,"date":"2024-10-31T01:50:32","date_gmt":"2024-10-31T00:50:32","guid":{"rendered":"https:\/\/eterle.cz\/eshop\/produkt\/jantarova-koule\/"},"modified":"2025-08-04T22:31:34","modified_gmt":"2025-08-04T20:31:34","slug":"jantarova-koule","status":"publish","type":"product","link":"https:\/\/eterle.cz\/eshop\/produkt\/jantarova-koule\/","title":{"rendered":"Jantarov\u00e1 koule"},"content":{"rendered":"<p>Sklen\u011bn\u00e1 koule jantarov\u00e9 barvy se zalt\u00fdm detailem se hod\u00ed i do modern\u00edho interi\u00e9ru, d\u00edky sv\u00e9 barv\u011b prostor zatepl\u00fd a z\u016ftuln\u00ed.<\/p>\n<p>Stav: p\u016fvodn\u00ed, nov\u00e1 elektroinstalace, drobn\u00e1 patina na zlat\u00e9 \u010d\u00e1sti<br \/>\nRozm\u011br<br \/>\nV\u00fd\u0161ka celkov\u00e1: 56 cm<br \/>\nV\u00fd\u0161ka ty\u010de: 23 cm<br \/>\nPr\u016fm\u011br koule: 29 cm<\/p>\n","protected":false},"excerpt":{"rendered":"<p>Sklen\u011bn\u00e1 koule jantarov\u00e9 barvy se zalt\u00fdm detailem se hod\u00ed i do modern\u00edho interi\u00e9ru, d\u00edky sv\u00e9 barv\u011b prostor zatepl\u00fd a z\u016ftuln\u00ed.<\/p>\n","protected":false},"featured_media":22107,"template":"","meta":[],"product_brand":[153],"product_cat":[91],"product_tag":[],"class_list":{"0":"post-22106","1":"product","2":"type-product","3":"status-publish","4":"has-post-thumbnail","6":"product_brand-eterle-cz","7":"product_cat-prodane","8":"product_shipping_class-nadrozmerne","10":"first","11":"outofstock","12":"purchasable","13":"product-type-simple"},"_links":{"self":[{"href":"https:\/\/eterle.cz\/eshop\/wp-json\/wp\/v2\/product\/22106","targetHints":{"allow":["GET"]}}],"collection":[{"href":"https:\/\/eterle.cz\/eshop\/wp-json\/wp\/v2\/product"}],"about":[{"href":"https:\/\/eterle.cz\/eshop\/wp-json\/wp\/v2\/types\/product"}],"version-history":[{"count":1,"href":"https:\/\/eterle.cz\/eshop\/wp-json\/wp\/v2\/product\/22106\/revisions"}],"predecessor-version":[{"id":26574,"href":"https:\/\/eterle.cz\/eshop\/wp-json\/wp\/v2\/product\/22106\/revisions\/26574"}],"wp:featuredmedia":[{"embeddable":true,"href":"https:\/\/eterle.cz\/eshop\/wp-json\/wp\/v2\/media\/22107"}],"wp:attachment":[{"href":"https:\/\/eterle.cz\/eshop\/wp-json\/wp\/v2\/media?parent=22106"}],"wp:term":[{"taxonomy":"product_brand","embeddable":true,"href":"https:\/\/eterle.cz\/eshop\/wp-json\/wp\/v2\/product_brand?post=22106"},{"taxonomy":"product_cat","embeddable":true,"href":"https:\/\/eterle.cz\/eshop\/wp-json\/wp\/v2\/product_cat?post=22106"},{"taxonomy":"product_tag","embeddable":true,"href":"https:\/\/eterle.cz\/eshop\/wp-json\/wp\/v2\/product_tag?post=22106"}],"curies":[{"name":"wp","href":"https:\/\/api.w.org\/{rel}","templated":true}]}}