{"id":22113,"date":"2024-10-31T01:50:48","date_gmt":"2024-10-31T00:50:48","guid":{"rendered":"https:\/\/eterle.cz\/eshop\/produkt\/velky-lustr-koule\/"},"modified":"2025-02-16T02:43:59","modified_gmt":"2025-02-16T01:43:59","slug":"velky-lustr-koule","status":"publish","type":"product","link":"https:\/\/eterle.cz\/eshop\/produkt\/velky-lustr-koule\/","title":{"rendered":"Velk\u00fd lustr &#8222;koule&#8220;"},"content":{"rendered":"<p>Velk\u00fd sklen\u011bn\u00fd lustr ve tvaru koule je minimalistick\u00fd a proto se hod\u00ed do jak\u00e9hokoliv interi\u00e9ru.<\/p>\n<p>Stav: velmi dobr\u00fd, nov\u00e1 elektroinstalace, po\u0161kozen\u00e9 zlacen\u00ed u krytu na strop\u011b<br \/>\nRozm\u011br<br \/>\nV\u00fd\u0161ka celkov\u00e1: 99 cm<br \/>\nV\u00fd\u0161ka ty\u010de: 59 cm<br \/>\nPr\u016fm\u011br koule: 40 cm<\/p>\n","protected":false},"excerpt":{"rendered":"<p>Velk\u00fd sklen\u011bn\u00fd lustr ve tvaru koule je minimalistick\u00fd a proto se hod\u00ed do jak\u00e9hokoliv interi\u00e9ru. Stav: velmi dobr\u00fd, nov\u00e1 elektroinstalace,<\/p>\n","protected":false},"featured_media":22114,"template":"","meta":[],"product_brand":[153],"product_cat":[91],"product_tag":[],"class_list":{"0":"post-22113","1":"product","2":"type-product","3":"status-publish","4":"has-post-thumbnail","6":"product_brand-eterle-cz","7":"product_cat-prodane","8":"product_shipping_class-nadrozmerne","10":"first","11":"outofstock","12":"purchasable","13":"product-type-simple"},"_links":{"self":[{"href":"https:\/\/eterle.cz\/eshop\/wp-json\/wp\/v2\/product\/22113","targetHints":{"allow":["GET"]}}],"collection":[{"href":"https:\/\/eterle.cz\/eshop\/wp-json\/wp\/v2\/product"}],"about":[{"href":"https:\/\/eterle.cz\/eshop\/wp-json\/wp\/v2\/types\/product"}],"version-history":[{"count":0,"href":"https:\/\/eterle.cz\/eshop\/wp-json\/wp\/v2\/product\/22113\/revisions"}],"wp:featuredmedia":[{"embeddable":true,"href":"https:\/\/eterle.cz\/eshop\/wp-json\/wp\/v2\/media\/22114"}],"wp:attachment":[{"href":"https:\/\/eterle.cz\/eshop\/wp-json\/wp\/v2\/media?parent=22113"}],"wp:term":[{"taxonomy":"product_brand","embeddable":true,"href":"https:\/\/eterle.cz\/eshop\/wp-json\/wp\/v2\/product_brand?post=22113"},{"taxonomy":"product_cat","embeddable":true,"href":"https:\/\/eterle.cz\/eshop\/wp-json\/wp\/v2\/product_cat?post=22113"},{"taxonomy":"product_tag","embeddable":true,"href":"https:\/\/eterle.cz\/eshop\/wp-json\/wp\/v2\/product_tag?post=22113"}],"curies":[{"name":"wp","href":"https:\/\/api.w.org\/{rel}","templated":true}]}}