{"id":22119,"date":"2024-10-31T01:51:05","date_gmt":"2024-10-31T00:51:05","guid":{"rendered":"https:\/\/eterle.cz\/eshop\/produkt\/lustr-banky\/"},"modified":"2025-02-16T02:43:59","modified_gmt":"2025-02-16T01:43:59","slug":"lustr-banky","status":"publish","type":"product","link":"https:\/\/eterle.cz\/eshop\/produkt\/lustr-banky\/","title":{"rendered":"Lustr &#8222;ba\u0148ky&#8220;"},"content":{"rendered":"<p>Neobyvkl\u00fd lusr tvo\u0159en p\u011bti rameny a pr\u016fhledn\u00fdmi sklen\u011bn\u00fdmi stinidly, kter\u00e1 n\u00e1m tvarem p\u0159ipom\u00ednaj\u00ed chemick\u00e9 ba\u0148ky.<\/p>\n<p>Stav: velmi dobr\u00fd, nov\u00e1 elektroinstalace<br \/>\nRozm\u011br<br \/>\nV\u00fd\u0161ka celkov\u00e1: 50 cm<br \/>\nV\u00fd\u0161ka ty\u010de: 40 cm<br \/>\nPr\u016fm\u011br celkov\u00fd: 53 cm<br \/>\nPr\u016fm\u011br st\u00ednidla: 18 cm<\/p>\n","protected":false},"excerpt":{"rendered":"<p>Neobyvkl\u00fd lusr tvo\u0159en p\u011bti rameny a pr\u016fhledn\u00fdmi sklen\u011bn\u00fdmi stinidly, kter\u00e1 n\u00e1m tvarem p\u0159ipom\u00ednaj\u00ed chemick\u00e9 ba\u0148ky. Stav: velmi dobr\u00fd, nov\u00e1 elektroinstalace<\/p>\n","protected":false},"featured_media":22120,"template":"","meta":[],"product_brand":[153],"product_cat":[91],"product_tag":[],"class_list":{"0":"post-22119","1":"product","2":"type-product","3":"status-publish","4":"has-post-thumbnail","6":"product_brand-eterle-cz","7":"product_cat-prodane","8":"product_shipping_class-nadrozmerne","10":"first","11":"outofstock","12":"purchasable","13":"product-type-simple"},"_links":{"self":[{"href":"https:\/\/eterle.cz\/eshop\/wp-json\/wp\/v2\/product\/22119","targetHints":{"allow":["GET"]}}],"collection":[{"href":"https:\/\/eterle.cz\/eshop\/wp-json\/wp\/v2\/product"}],"about":[{"href":"https:\/\/eterle.cz\/eshop\/wp-json\/wp\/v2\/types\/product"}],"version-history":[{"count":1,"href":"https:\/\/eterle.cz\/eshop\/wp-json\/wp\/v2\/product\/22119\/revisions"}],"predecessor-version":[{"id":32332,"href":"https:\/\/eterle.cz\/eshop\/wp-json\/wp\/v2\/product\/22119\/revisions\/32332"}],"wp:featuredmedia":[{"embeddable":true,"href":"https:\/\/eterle.cz\/eshop\/wp-json\/wp\/v2\/media\/22120"}],"wp:attachment":[{"href":"https:\/\/eterle.cz\/eshop\/wp-json\/wp\/v2\/media?parent=22119"}],"wp:term":[{"taxonomy":"product_brand","embeddable":true,"href":"https:\/\/eterle.cz\/eshop\/wp-json\/wp\/v2\/product_brand?post=22119"},{"taxonomy":"product_cat","embeddable":true,"href":"https:\/\/eterle.cz\/eshop\/wp-json\/wp\/v2\/product_cat?post=22119"},{"taxonomy":"product_tag","embeddable":true,"href":"https:\/\/eterle.cz\/eshop\/wp-json\/wp\/v2\/product_tag?post=22119"}],"curies":[{"name":"wp","href":"https:\/\/api.w.org\/{rel}","templated":true}]}}