{"id":22128,"date":"2024-10-31T01:51:25","date_gmt":"2024-10-31T00:51:25","guid":{"rendered":"https:\/\/eterle.cz\/eshop\/produkt\/lustr-na-lanech-uluv\/"},"modified":"2025-06-24T01:56:28","modified_gmt":"2025-06-23T23:56:28","slug":"lustr-na-lanech-uluv","status":"publish","type":"product","link":"https:\/\/eterle.cz\/eshop\/produkt\/lustr-na-lanech-uluv\/","title":{"rendered":"Lustr na lanech \/ \u00daLUV"},"content":{"rendered":"<p>Zaj\u00edmav\u00fd lustr z d\u00edlny \u00daLUV z 60. let minul\u00e9ho stolet\u00ed. Sv\u011btlo m\u00e1 neobvykl\u00fd tvar a kombinuje t\u0159i materi\u00e1ly. Hlavn\u00ed \u010d\u00e1st tvo\u0159\u00ed sklo, kter\u00e9 je dopln\u011bn\u00e9 d\u0159evem a cel\u00e1 konstrukce je zav\u011b\u0161ena na lanech.<\/p>\n<p>Stav: p\u016fvodn\u00ed velmi dobr\u00fd, p\u016fvodn\u00ed elektroinstalace &#8211; funk\u010dn\u00ed<br \/>\nRozm\u011br<br \/>\nV\u00fd\u0161ka celkov\u00e1: 55 cm<br \/>\nV\u00fd\u0161ka lan: 46 cm<br \/>\nD\u00e9lka: 63 cm<br \/>\nHloubka: 36 cm<\/p>\n","protected":false},"excerpt":{"rendered":"<p>Zaj\u00edmav\u00fd lustr z d\u00edlny \u00daLUV z 60. let minul\u00e9ho stolet\u00ed. Sv\u011btlo m\u00e1 neobvykl\u00fd tvar a kombinuje t\u0159i materi\u00e1ly. Hlavn\u00ed \u010d\u00e1st<\/p>\n","protected":false},"featured_media":22129,"template":"","meta":[],"product_brand":[153],"product_cat":[79,140],"product_tag":[],"class_list":{"0":"post-22128","1":"product","2":"type-product","3":"status-publish","4":"has-post-thumbnail","6":"product_brand-eterle-cz","7":"product_cat-svetla","8":"product_cat-lustry","9":"product_shipping_class-nadrozmerne","11":"first","12":"instock","13":"featured","14":"purchasable","15":"product-type-simple"},"_links":{"self":[{"href":"https:\/\/eterle.cz\/eshop\/wp-json\/wp\/v2\/product\/22128","targetHints":{"allow":["GET"]}}],"collection":[{"href":"https:\/\/eterle.cz\/eshop\/wp-json\/wp\/v2\/product"}],"about":[{"href":"https:\/\/eterle.cz\/eshop\/wp-json\/wp\/v2\/types\/product"}],"version-history":[{"count":1,"href":"https:\/\/eterle.cz\/eshop\/wp-json\/wp\/v2\/product\/22128\/revisions"}],"predecessor-version":[{"id":26573,"href":"https:\/\/eterle.cz\/eshop\/wp-json\/wp\/v2\/product\/22128\/revisions\/26573"}],"wp:featuredmedia":[{"embeddable":true,"href":"https:\/\/eterle.cz\/eshop\/wp-json\/wp\/v2\/media\/22129"}],"wp:attachment":[{"href":"https:\/\/eterle.cz\/eshop\/wp-json\/wp\/v2\/media?parent=22128"}],"wp:term":[{"taxonomy":"product_brand","embeddable":true,"href":"https:\/\/eterle.cz\/eshop\/wp-json\/wp\/v2\/product_brand?post=22128"},{"taxonomy":"product_cat","embeddable":true,"href":"https:\/\/eterle.cz\/eshop\/wp-json\/wp\/v2\/product_cat?post=22128"},{"taxonomy":"product_tag","embeddable":true,"href":"https:\/\/eterle.cz\/eshop\/wp-json\/wp\/v2\/product_tag?post=22128"}],"curies":[{"name":"wp","href":"https:\/\/api.w.org\/{rel}","templated":true}]}}