{"id":22138,"date":"2024-10-31T01:51:49","date_gmt":"2024-10-31T00:51:49","guid":{"rendered":"https:\/\/eterle.cz\/eshop\/produkt\/lustr-cerveny\/"},"modified":"2025-02-16T02:43:58","modified_gmt":"2025-02-16T01:43:58","slug":"lustr-cerveny","status":"publish","type":"product","link":"https:\/\/eterle.cz\/eshop\/produkt\/lustr-cerveny\/","title":{"rendered":"Lustr \u010derven\u00fd"},"content":{"rendered":"<p>\u0160estiramenn\u00fd kovov\u00fd lustr v \u010derven\u00e9 barv\u011b, kter\u00fd m\u00e1 evokovat dobov\u00e9 lustry se sv\u00ed\u010dkami.<\/p>\n<p>Stav: p\u016fvodn\u00ed, nov\u00e1 elektroinstalace, na ty\u010di zn\u00e1mky koroze, \u010derven\u00e1 barva na lustru v po\u0159\u00e1dku<br \/>\nRozm\u011br<br \/>\nV\u00fd\u0161ka celkov\u00e1: 113 cm<br \/>\nV\u00fd\u0161ka ty\u010de: 88 cm<br \/>\nPr\u016fm\u011br: 60 cm<\/p>\n","protected":false},"excerpt":{"rendered":"<p>\u0160estiramenn\u00fd kovov\u00fd lustr v \u010derven\u00e9 barv\u011b, kter\u00fd m\u00e1 evokovat dobov\u00e9 lustry se sv\u00ed\u010dkami. Stav: p\u016fvodn\u00ed, nov\u00e1 elektroinstalace, na ty\u010di zn\u00e1mky<\/p>\n","protected":false},"featured_media":22139,"template":"","meta":[],"product_brand":[153],"product_cat":[91],"product_tag":[],"class_list":{"0":"post-22138","1":"product","2":"type-product","3":"status-publish","4":"has-post-thumbnail","6":"product_brand-eterle-cz","7":"product_cat-prodane","8":"product_shipping_class-nadrozmerne","10":"first","11":"outofstock","12":"purchasable","13":"product-type-simple"},"_links":{"self":[{"href":"https:\/\/eterle.cz\/eshop\/wp-json\/wp\/v2\/product\/22138","targetHints":{"allow":["GET"]}}],"collection":[{"href":"https:\/\/eterle.cz\/eshop\/wp-json\/wp\/v2\/product"}],"about":[{"href":"https:\/\/eterle.cz\/eshop\/wp-json\/wp\/v2\/types\/product"}],"version-history":[{"count":0,"href":"https:\/\/eterle.cz\/eshop\/wp-json\/wp\/v2\/product\/22138\/revisions"}],"wp:featuredmedia":[{"embeddable":true,"href":"https:\/\/eterle.cz\/eshop\/wp-json\/wp\/v2\/media\/22139"}],"wp:attachment":[{"href":"https:\/\/eterle.cz\/eshop\/wp-json\/wp\/v2\/media?parent=22138"}],"wp:term":[{"taxonomy":"product_brand","embeddable":true,"href":"https:\/\/eterle.cz\/eshop\/wp-json\/wp\/v2\/product_brand?post=22138"},{"taxonomy":"product_cat","embeddable":true,"href":"https:\/\/eterle.cz\/eshop\/wp-json\/wp\/v2\/product_cat?post=22138"},{"taxonomy":"product_tag","embeddable":true,"href":"https:\/\/eterle.cz\/eshop\/wp-json\/wp\/v2\/product_tag?post=22138"}],"curies":[{"name":"wp","href":"https:\/\/api.w.org\/{rel}","templated":true}]}}