{"id":22161,"date":"2024-10-31T01:52:45","date_gmt":"2024-10-31T00:52:45","guid":{"rendered":"https:\/\/eterle.cz\/eshop\/produkt\/lustr-kostka-kamenicky-senov-5\/"},"modified":"2026-03-30T16:40:31","modified_gmt":"2026-03-30T14:40:31","slug":"lustr-kostka-kamenicky-senov-5","status":"publish","type":"product","link":"https:\/\/eterle.cz\/eshop\/produkt\/lustr-kostka-kamenicky-senov-5\/","title":{"rendered":"Lustr kostka \/ Kamenick\u00fd \u0160enov"},"content":{"rendered":"<p>Nev\u0161edn\u00ed lustr ve tvaru kostky poch\u00e1zej\u00edc\u00ed ze 70. let byl vyroben ve skl\u00e1rn\u011b Kamenick\u00fd \u0160enov podle n\u00e1vrhu Jaroslava Bejvlta st.. Sklen\u011bn\u00e9 desti\u010dky se lisovaly v Libochovic\u00edh a jsou plastick\u00e9.<\/p>\n<p>Stav: velmi dobr\u00fd, p\u016fvodn\u00ed elektroinstalace &#8211; funk\u010dn\u00ed<br \/>\nZna\u010dka: Jaroslav Bejvlt, Kamenick\u00fd \u0160enov<br \/>\nRozm\u011br<br \/>\nV\u00fd\u0161ka celkov\u00e1: 45 cm<br \/>\nV\u00fd\u0161ka ty\u010de: 20 cm<br \/>\nKostka: 24.5 x 24.5 cm<br \/>\nV\u00fd\u0161ka st\u00ednidla: 24 cm<\/p>\n","protected":false},"excerpt":{"rendered":"<p>Nev\u0161edn\u00ed lustr ve tvaru kostky poch\u00e1zej\u00edc\u00ed ze 70. let byl vyroben ve skl\u00e1rn\u011b Kamenick\u00fd \u0160enov podle n\u00e1vrhu Jaroslava Bejvlta st..<\/p>\n","protected":false},"featured_media":22162,"template":"","meta":[],"product_brand":[153],"product_cat":[79,140],"product_tag":[],"class_list":{"0":"post-22161","1":"product","2":"type-product","3":"status-publish","4":"has-post-thumbnail","6":"product_brand-eterle-cz","7":"product_cat-svetla","8":"product_cat-lustry","9":"product_shipping_class-nadrozmerne","11":"first","12":"instock","13":"purchasable","14":"product-type-simple"},"_links":{"self":[{"href":"https:\/\/eterle.cz\/eshop\/wp-json\/wp\/v2\/product\/22161","targetHints":{"allow":["GET"]}}],"collection":[{"href":"https:\/\/eterle.cz\/eshop\/wp-json\/wp\/v2\/product"}],"about":[{"href":"https:\/\/eterle.cz\/eshop\/wp-json\/wp\/v2\/types\/product"}],"version-history":[{"count":5,"href":"https:\/\/eterle.cz\/eshop\/wp-json\/wp\/v2\/product\/22161\/revisions"}],"predecessor-version":[{"id":35503,"href":"https:\/\/eterle.cz\/eshop\/wp-json\/wp\/v2\/product\/22161\/revisions\/35503"}],"wp:featuredmedia":[{"embeddable":true,"href":"https:\/\/eterle.cz\/eshop\/wp-json\/wp\/v2\/media\/22162"}],"wp:attachment":[{"href":"https:\/\/eterle.cz\/eshop\/wp-json\/wp\/v2\/media?parent=22161"}],"wp:term":[{"taxonomy":"product_brand","embeddable":true,"href":"https:\/\/eterle.cz\/eshop\/wp-json\/wp\/v2\/product_brand?post=22161"},{"taxonomy":"product_cat","embeddable":true,"href":"https:\/\/eterle.cz\/eshop\/wp-json\/wp\/v2\/product_cat?post=22161"},{"taxonomy":"product_tag","embeddable":true,"href":"https:\/\/eterle.cz\/eshop\/wp-json\/wp\/v2\/product_tag?post=22161"}],"curies":[{"name":"wp","href":"https:\/\/api.w.org\/{rel}","templated":true}]}}