{"id":22167,"date":"2024-10-31T01:53:00","date_gmt":"2024-10-31T00:53:00","guid":{"rendered":"https:\/\/eterle.cz\/eshop\/produkt\/lustr-kary-zluta\/"},"modified":"2025-10-13T17:00:09","modified_gmt":"2025-10-13T15:00:09","slug":"lustr-kary-zluta","status":"publish","type":"product","link":"https:\/\/eterle.cz\/eshop\/produkt\/lustr-kary-zluta\/","title":{"rendered":"Lustr k\u00e1ry (\u017elut\u00e1)"},"content":{"rendered":"<p>Pamatujete na socialistick\u00fd \u017eabi\u010dkov\u00fd vzor na plavk\u00e1ch (a ne jen na nich)? Tak to p\u0159esn\u011b se n\u00e1m vybav\u00ed p\u0159i pohleduna tento sklen\u011bn\u00fd lustr. Tvarem i jemn\u00fdm vzorem p\u0159ipom\u00edna i japonsk\u00e9 lampiony a p\u016fsob\u00ed zenov\u011b.<\/p>\n<p>Stav: velmi dobr\u00fd, nov\u00e1 elektroinstalace<br \/>\nRozm\u011br<br \/>\nV\u00fd\u0161ka celkov\u00e1: 60 cm<br \/>\nV\u00fd\u0161ka ty\u010de: 38 cm<br \/>\nPr\u016fm\u011br st\u00ednidla: 32 cm<br \/>\nV\u00fd\u0161ka st\u00ednidla: 20 cm<\/p>\n","protected":false},"excerpt":{"rendered":"<p>Pamatujete na socialistick\u00fd \u017eabi\u010dkov\u00fd vzor na plavk\u00e1ch (a ne jen na nich)? Tak to p\u0159esn\u011b se n\u00e1m vybav\u00ed p\u0159i pohleduna<\/p>\n","protected":false},"featured_media":22168,"template":"","meta":[],"product_brand":[153],"product_cat":[79,140],"product_tag":[],"class_list":{"0":"post-22167","1":"product","2":"type-product","3":"status-publish","4":"has-post-thumbnail","6":"product_brand-eterle-cz","7":"product_cat-svetla","8":"product_cat-lustry","9":"product_shipping_class-nadrozmerne","11":"first","12":"instock","13":"purchasable","14":"product-type-simple"},"_links":{"self":[{"href":"https:\/\/eterle.cz\/eshop\/wp-json\/wp\/v2\/product\/22167","targetHints":{"allow":["GET"]}}],"collection":[{"href":"https:\/\/eterle.cz\/eshop\/wp-json\/wp\/v2\/product"}],"about":[{"href":"https:\/\/eterle.cz\/eshop\/wp-json\/wp\/v2\/types\/product"}],"version-history":[{"count":1,"href":"https:\/\/eterle.cz\/eshop\/wp-json\/wp\/v2\/product\/22167\/revisions"}],"predecessor-version":[{"id":26569,"href":"https:\/\/eterle.cz\/eshop\/wp-json\/wp\/v2\/product\/22167\/revisions\/26569"}],"wp:featuredmedia":[{"embeddable":true,"href":"https:\/\/eterle.cz\/eshop\/wp-json\/wp\/v2\/media\/22168"}],"wp:attachment":[{"href":"https:\/\/eterle.cz\/eshop\/wp-json\/wp\/v2\/media?parent=22167"}],"wp:term":[{"taxonomy":"product_brand","embeddable":true,"href":"https:\/\/eterle.cz\/eshop\/wp-json\/wp\/v2\/product_brand?post=22167"},{"taxonomy":"product_cat","embeddable":true,"href":"https:\/\/eterle.cz\/eshop\/wp-json\/wp\/v2\/product_cat?post=22167"},{"taxonomy":"product_tag","embeddable":true,"href":"https:\/\/eterle.cz\/eshop\/wp-json\/wp\/v2\/product_tag?post=22167"}],"curies":[{"name":"wp","href":"https:\/\/api.w.org\/{rel}","templated":true}]}}