{"id":22180,"date":"2024-10-31T01:53:34","date_gmt":"2024-10-31T00:53:34","guid":{"rendered":"https:\/\/eterle.cz\/eshop\/produkt\/lustr-koule-7\/"},"modified":"2025-02-16T02:43:56","modified_gmt":"2025-02-16T01:43:56","slug":"lustr-koule-7","status":"publish","type":"product","link":"https:\/\/eterle.cz\/eshop\/produkt\/lustr-koule-7\/","title":{"rendered":"Lustr koule"},"content":{"rendered":"<p>Sklen\u011bn\u00e1 koule z op\u00e1lov\u00e9ho leskl\u00e9ho skla  je minimalistick\u00e1 a proto se hod\u00ed do jak\u00e9hokoliv interi\u00e9ru.<\/p>\n<p>Stav: dobr\u00fd p\u016fvodn\u00ed, nov\u00e1 elektroinstalace<br \/>\nRozm\u011br<br \/>\nV\u00fd\u0161ka celkov\u00e1: 88 cm<br \/>\nV\u00fd\u0161ka ty\u010de: 58 cm<br \/>\nPr\u016fm\u011br koule: 30 cm<\/p>\n","protected":false},"excerpt":{"rendered":"<p>Sklen\u011bn\u00e1 koule z op\u00e1lov\u00e9ho leskl\u00e9ho skla je minimalistick\u00e1 a proto se hod\u00ed do jak\u00e9hokoliv interi\u00e9ru. Stav: dobr\u00fd p\u016fvodn\u00ed, nov\u00e1 elektroinstalace<\/p>\n","protected":false},"featured_media":22181,"template":"","meta":[],"product_brand":[153],"product_cat":[91],"product_tag":[],"class_list":{"0":"post-22180","1":"product","2":"type-product","3":"status-publish","4":"has-post-thumbnail","6":"product_brand-eterle-cz","7":"product_cat-prodane","8":"product_shipping_class-nadrozmerne","10":"first","11":"outofstock","12":"purchasable","13":"product-type-simple"},"_links":{"self":[{"href":"https:\/\/eterle.cz\/eshop\/wp-json\/wp\/v2\/product\/22180","targetHints":{"allow":["GET"]}}],"collection":[{"href":"https:\/\/eterle.cz\/eshop\/wp-json\/wp\/v2\/product"}],"about":[{"href":"https:\/\/eterle.cz\/eshop\/wp-json\/wp\/v2\/types\/product"}],"version-history":[{"count":0,"href":"https:\/\/eterle.cz\/eshop\/wp-json\/wp\/v2\/product\/22180\/revisions"}],"wp:featuredmedia":[{"embeddable":true,"href":"https:\/\/eterle.cz\/eshop\/wp-json\/wp\/v2\/media\/22181"}],"wp:attachment":[{"href":"https:\/\/eterle.cz\/eshop\/wp-json\/wp\/v2\/media?parent=22180"}],"wp:term":[{"taxonomy":"product_brand","embeddable":true,"href":"https:\/\/eterle.cz\/eshop\/wp-json\/wp\/v2\/product_brand?post=22180"},{"taxonomy":"product_cat","embeddable":true,"href":"https:\/\/eterle.cz\/eshop\/wp-json\/wp\/v2\/product_cat?post=22180"},{"taxonomy":"product_tag","embeddable":true,"href":"https:\/\/eterle.cz\/eshop\/wp-json\/wp\/v2\/product_tag?post=22180"}],"curies":[{"name":"wp","href":"https:\/\/api.w.org\/{rel}","templated":true}]}}