{"id":22186,"date":"2024-10-31T01:53:49","date_gmt":"2024-10-31T00:53:49","guid":{"rendered":"https:\/\/eterle.cz\/eshop\/produkt\/lustr-murano-italie\/"},"modified":"2025-06-24T01:56:27","modified_gmt":"2025-06-23T23:56:27","slug":"lustr-murano-italie","status":"publish","type":"product","link":"https:\/\/eterle.cz\/eshop\/produkt\/lustr-murano-italie\/","title":{"rendered":"Lustr Murano \/ It\u00e1lie"},"content":{"rendered":"<p>Lustr se t\u0159emi kr\u00e1sn\u00fdmi sklen\u011bn\u00fdmi Murano koulemi. Sklo Murano se vyr\u00e1b\u00ed pouze na ostrov\u011b Murano, kter\u00fd se nach\u00e1z\u00ed na okraji italsk\u00e9ho m\u011bsta Ben\u00e1tek a speci\u00e1ln\u00ed proces fouk\u00e1n\u00ed skla je star\u0161\u00ed ne\u017e tis\u00edc let.<\/p>\n<p>Stav: nov\u00e1 elektroinstalace, hlin\u00edkov\u00e1 ty\u010d<br \/>\nRozm\u011br<br \/>\nV\u00fd\u0161ka celkov\u00e1: 85 cm<br \/>\nV\u00fd\u0161ka ty\u010de: 67 cm<br \/>\nCelkov\u00fd pr\u016fm\u011br: 40 cm<\/p>\n","protected":false},"excerpt":{"rendered":"<p>Lustr se t\u0159emi kr\u00e1sn\u00fdmi sklen\u011bn\u00fdmi Murano koulemi. Sklo Murano se vyr\u00e1b\u00ed pouze na ostrov\u011b Murano, kter\u00fd se nach\u00e1z\u00ed na okraji<\/p>\n","protected":false},"featured_media":22187,"template":"","meta":[],"product_brand":[153],"product_cat":[79,140],"product_tag":[],"class_list":{"0":"post-22186","1":"product","2":"type-product","3":"status-publish","4":"has-post-thumbnail","6":"product_brand-eterle-cz","7":"product_cat-svetla","8":"product_cat-lustry","9":"product_shipping_class-nadrozmerne","11":"first","12":"instock","13":"featured","14":"purchasable","15":"product-type-simple"},"_links":{"self":[{"href":"https:\/\/eterle.cz\/eshop\/wp-json\/wp\/v2\/product\/22186","targetHints":{"allow":["GET"]}}],"collection":[{"href":"https:\/\/eterle.cz\/eshop\/wp-json\/wp\/v2\/product"}],"about":[{"href":"https:\/\/eterle.cz\/eshop\/wp-json\/wp\/v2\/types\/product"}],"version-history":[{"count":1,"href":"https:\/\/eterle.cz\/eshop\/wp-json\/wp\/v2\/product\/22186\/revisions"}],"predecessor-version":[{"id":26568,"href":"https:\/\/eterle.cz\/eshop\/wp-json\/wp\/v2\/product\/22186\/revisions\/26568"}],"wp:featuredmedia":[{"embeddable":true,"href":"https:\/\/eterle.cz\/eshop\/wp-json\/wp\/v2\/media\/22187"}],"wp:attachment":[{"href":"https:\/\/eterle.cz\/eshop\/wp-json\/wp\/v2\/media?parent=22186"}],"wp:term":[{"taxonomy":"product_brand","embeddable":true,"href":"https:\/\/eterle.cz\/eshop\/wp-json\/wp\/v2\/product_brand?post=22186"},{"taxonomy":"product_cat","embeddable":true,"href":"https:\/\/eterle.cz\/eshop\/wp-json\/wp\/v2\/product_cat?post=22186"},{"taxonomy":"product_tag","embeddable":true,"href":"https:\/\/eterle.cz\/eshop\/wp-json\/wp\/v2\/product_tag?post=22186"}],"curies":[{"name":"wp","href":"https:\/\/api.w.org\/{rel}","templated":true}]}}