{"id":22206,"date":"2024-10-31T01:54:38","date_gmt":"2024-10-31T00:54:38","guid":{"rendered":"https:\/\/eterle.cz\/eshop\/produkt\/lustr-cerveny-kabel\/"},"modified":"2025-08-04T22:32:10","modified_gmt":"2025-08-04T20:32:10","slug":"lustr-cerveny-kabel","status":"publish","type":"product","link":"https:\/\/eterle.cz\/eshop\/produkt\/lustr-cerveny-kabel\/","title":{"rendered":"Lustr \u010derven\u00fd kabel"},"content":{"rendered":"<p>\u00dazsk\u00fd lustr v\u00e1lcov\u00e9ho tvaru s v\u00fdrazn\u00fdm \u010derven\u00fdm l\u00e1tkov\u00fdm kabelem.<\/p>\n<p>Stav: velmi dobr\u00fd, p\u016fvodn\u00ed elektroinstalace &#8211; funk\u010dn\u00ed<br \/>\nRozm\u011br<br \/>\nV\u00fd\u0161ka celkov\u00e1: 70 cm<br \/>\nV\u00fd\u0161ka kabelu: 45 cm (lze prodlou\u017eit na 1m)<br \/>\nPr\u016fm\u011br st\u00ednidla: 12.5 cm<br \/>\nV\u00fd\u0161ka st\u00ednidla: 25 cm<\/p>\n","protected":false},"excerpt":{"rendered":"<p>\u00dazsk\u00fd lustr v\u00e1lcov\u00e9ho tvaru s v\u00fdrazn\u00fdm \u010derven\u00fdm l\u00e1tkov\u00fdm kabelem. Stav: velmi dobr\u00fd, p\u016fvodn\u00ed elektroinstalace &#8211; funk\u010dn\u00ed Rozm\u011br V\u00fd\u0161ka celkov\u00e1: 70<\/p>\n","protected":false},"featured_media":22207,"template":"","meta":[],"product_brand":[153],"product_cat":[91],"product_tag":[],"class_list":{"0":"post-22206","1":"product","2":"type-product","3":"status-publish","4":"has-post-thumbnail","6":"product_brand-eterle-cz","7":"product_cat-prodane","8":"product_shipping_class-nadrozmerne","10":"first","11":"outofstock","12":"purchasable","13":"product-type-simple"},"_links":{"self":[{"href":"https:\/\/eterle.cz\/eshop\/wp-json\/wp\/v2\/product\/22206","targetHints":{"allow":["GET"]}}],"collection":[{"href":"https:\/\/eterle.cz\/eshop\/wp-json\/wp\/v2\/product"}],"about":[{"href":"https:\/\/eterle.cz\/eshop\/wp-json\/wp\/v2\/types\/product"}],"version-history":[{"count":1,"href":"https:\/\/eterle.cz\/eshop\/wp-json\/wp\/v2\/product\/22206\/revisions"}],"predecessor-version":[{"id":26567,"href":"https:\/\/eterle.cz\/eshop\/wp-json\/wp\/v2\/product\/22206\/revisions\/26567"}],"wp:featuredmedia":[{"embeddable":true,"href":"https:\/\/eterle.cz\/eshop\/wp-json\/wp\/v2\/media\/22207"}],"wp:attachment":[{"href":"https:\/\/eterle.cz\/eshop\/wp-json\/wp\/v2\/media?parent=22206"}],"wp:term":[{"taxonomy":"product_brand","embeddable":true,"href":"https:\/\/eterle.cz\/eshop\/wp-json\/wp\/v2\/product_brand?post=22206"},{"taxonomy":"product_cat","embeddable":true,"href":"https:\/\/eterle.cz\/eshop\/wp-json\/wp\/v2\/product_cat?post=22206"},{"taxonomy":"product_tag","embeddable":true,"href":"https:\/\/eterle.cz\/eshop\/wp-json\/wp\/v2\/product_tag?post=22206"}],"curies":[{"name":"wp","href":"https:\/\/api.w.org\/{rel}","templated":true}]}}