{"id":22218,"date":"2024-10-31T01:55:07","date_gmt":"2024-10-31T00:55:07","guid":{"rendered":"https:\/\/eterle.cz\/eshop\/produkt\/lustr-proplitany\/"},"modified":"2025-02-16T02:43:54","modified_gmt":"2025-02-16T01:43:54","slug":"lustr-proplitany","status":"publish","type":"product","link":"https:\/\/eterle.cz\/eshop\/produkt\/lustr-proplitany\/","title":{"rendered":"Lustr propl\u00edtan\u00fd"},"content":{"rendered":"<p>Propl\u00edtan\u00fd \u010dern\u00fd lustr nad kuchy\u0148sk\u00fd st\u016fl.<\/p>\n<p>Stav: perfektn\u00ed, elektroinstalace p\u016fvodn\u00ed funk\u010dn\u00ed<br \/>\nRozm\u011br<br \/>\nV\u00fd\u0161ka celkov\u00e1: 55 cm<br \/>\nD\u00e9lka kabelu: 25 cm (mo\u017eno prodlou\u017eit o cca 20cm)<br \/>\nPr\u016fm\u011br st\u00ednidla: 25 cm<\/p>\n","protected":false},"excerpt":{"rendered":"<p>Propl\u00edtan\u00fd \u010dern\u00fd lustr nad kuchy\u0148sk\u00fd st\u016fl. Stav: perfektn\u00ed, elektroinstalace p\u016fvodn\u00ed funk\u010dn\u00ed Rozm\u011br V\u00fd\u0161ka celkov\u00e1: 55 cm D\u00e9lka kabelu: 25 cm<\/p>\n","protected":false},"featured_media":22219,"template":"","meta":[],"product_brand":[153],"product_cat":[91],"product_tag":[],"class_list":{"0":"post-22218","1":"product","2":"type-product","3":"status-publish","4":"has-post-thumbnail","6":"product_brand-eterle-cz","7":"product_cat-prodane","8":"product_shipping_class-nadrozmerne","10":"first","11":"outofstock","12":"purchasable","13":"product-type-simple"},"_links":{"self":[{"href":"https:\/\/eterle.cz\/eshop\/wp-json\/wp\/v2\/product\/22218","targetHints":{"allow":["GET"]}}],"collection":[{"href":"https:\/\/eterle.cz\/eshop\/wp-json\/wp\/v2\/product"}],"about":[{"href":"https:\/\/eterle.cz\/eshop\/wp-json\/wp\/v2\/types\/product"}],"version-history":[{"count":0,"href":"https:\/\/eterle.cz\/eshop\/wp-json\/wp\/v2\/product\/22218\/revisions"}],"wp:featuredmedia":[{"embeddable":true,"href":"https:\/\/eterle.cz\/eshop\/wp-json\/wp\/v2\/media\/22219"}],"wp:attachment":[{"href":"https:\/\/eterle.cz\/eshop\/wp-json\/wp\/v2\/media?parent=22218"}],"wp:term":[{"taxonomy":"product_brand","embeddable":true,"href":"https:\/\/eterle.cz\/eshop\/wp-json\/wp\/v2\/product_brand?post=22218"},{"taxonomy":"product_cat","embeddable":true,"href":"https:\/\/eterle.cz\/eshop\/wp-json\/wp\/v2\/product_cat?post=22218"},{"taxonomy":"product_tag","embeddable":true,"href":"https:\/\/eterle.cz\/eshop\/wp-json\/wp\/v2\/product_tag?post=22218"}],"curies":[{"name":"wp","href":"https:\/\/api.w.org\/{rel}","templated":true}]}}