{"id":22237,"date":"2024-10-31T01:55:56","date_gmt":"2024-10-31T00:55:56","guid":{"rendered":"https:\/\/eterle.cz\/eshop\/produkt\/nastenne-lampy-par\/"},"modified":"2025-05-29T11:04:24","modified_gmt":"2025-05-29T09:04:24","slug":"nastenne-lampy-par","status":"publish","type":"product","link":"https:\/\/eterle.cz\/eshop\/produkt\/nastenne-lampy-par\/","title":{"rendered":"N\u00e1stenn\u011b lampy (p\u00e1r)"},"content":{"rendered":"<p>N\u00e1st\u011bnn\u00e9 lampi\u010dky Brusel z 60. let minul\u00e9ho stolet\u00ed v kombinaci sklen\u011bn\u00e9ho stinidla a bakelitov\u00e9ho dr\u017e\u00e1ku. Hod\u00ed se do koupleny nebo lo\u017enice, tam je m\u00e1m j\u00e1 \ud83d\ude42<\/p>\n<p>Stav: dobr\u00fd, p\u016fvodn\u00ed a funk\u010dn\u00ed elektroinstalace<br \/>\nRozm\u011br<br \/>\nV\u00fd\u0161ka: 30 cm<br \/>\nHloubka: 11 cm<br \/>\nPr\u016fm\u011br st\u00ednidla: 8.5 cm<\/p>\n","protected":false},"excerpt":{"rendered":"<p>N\u00e1st\u011bnn\u00e9 lampi\u010dky Brusel z 60. let minul\u00e9ho stolet\u00ed v kombinaci sklen\u011bn\u00e9ho stinidla a bakelitov\u00e9ho dr\u017e\u00e1ku. Hod\u00ed se do koupleny nebo<\/p>\n","protected":false},"featured_media":22238,"template":"","meta":[],"product_brand":[153],"product_cat":[91],"product_tag":[],"class_list":{"0":"post-22237","1":"product","2":"type-product","3":"status-publish","4":"has-post-thumbnail","6":"product_brand-eterle-cz","7":"product_cat-prodane","8":"product_shipping_class-nadrozmerne","10":"first","11":"outofstock","12":"purchasable","13":"product-type-simple"},"_links":{"self":[{"href":"https:\/\/eterle.cz\/eshop\/wp-json\/wp\/v2\/product\/22237","targetHints":{"allow":["GET"]}}],"collection":[{"href":"https:\/\/eterle.cz\/eshop\/wp-json\/wp\/v2\/product"}],"about":[{"href":"https:\/\/eterle.cz\/eshop\/wp-json\/wp\/v2\/types\/product"}],"version-history":[{"count":1,"href":"https:\/\/eterle.cz\/eshop\/wp-json\/wp\/v2\/product\/22237\/revisions"}],"predecessor-version":[{"id":25196,"href":"https:\/\/eterle.cz\/eshop\/wp-json\/wp\/v2\/product\/22237\/revisions\/25196"}],"wp:featuredmedia":[{"embeddable":true,"href":"https:\/\/eterle.cz\/eshop\/wp-json\/wp\/v2\/media\/22238"}],"wp:attachment":[{"href":"https:\/\/eterle.cz\/eshop\/wp-json\/wp\/v2\/media?parent=22237"}],"wp:term":[{"taxonomy":"product_brand","embeddable":true,"href":"https:\/\/eterle.cz\/eshop\/wp-json\/wp\/v2\/product_brand?post=22237"},{"taxonomy":"product_cat","embeddable":true,"href":"https:\/\/eterle.cz\/eshop\/wp-json\/wp\/v2\/product_cat?post=22237"},{"taxonomy":"product_tag","embeddable":true,"href":"https:\/\/eterle.cz\/eshop\/wp-json\/wp\/v2\/product_tag?post=22237"}],"curies":[{"name":"wp","href":"https:\/\/api.w.org\/{rel}","templated":true}]}}