{"id":22256,"date":"2024-10-31T01:56:46","date_gmt":"2024-10-31T00:56:46","guid":{"rendered":"https:\/\/eterle.cz\/eshop\/produkt\/skolni-plakat-jedle-houby\/"},"modified":"2025-02-16T02:43:52","modified_gmt":"2025-02-16T01:43:52","slug":"skolni-plakat-jedle-houby","status":"publish","type":"product","link":"https:\/\/eterle.cz\/eshop\/produkt\/skolni-plakat-jedle-houby\/","title":{"rendered":"\u0160koln\u00ed plak\u00e1t jedl\u00e9 houby"},"content":{"rendered":"<p>Chod\u00edte r\u00e1di na houby, ale nejste si v\u017edy jisti, o jak\u00fd jde druh? Po\u0159i\u010fte si n\u00e1\u0161 skoln\u00ed plak\u00e1t jedl\u00e9 houby a u\u017e se p\u0159\u00ed\u0161t\u011b nespletete \ud83d\ude42<\/p>\n<p>Stav: dobr\u00fd, p\u016fvodn\u00ed<br \/>\nRozm\u011br<br \/>\nV\u00fd\u0161ka: 68 cm<br \/>\n\u0160\u00ed\u0159ka: 100 cm<\/p>\n","protected":false},"excerpt":{"rendered":"<p>Chod\u00edte r\u00e1di na houby, ale nejste si v\u017edy jisti, o jak\u00fd jde druh? Po\u0159i\u010fte si n\u00e1\u0161 skoln\u00ed plak\u00e1t jedl\u00e9 houby<\/p>\n","protected":false},"featured_media":22257,"template":"","meta":[],"product_brand":[153],"product_cat":[91],"product_tag":[],"class_list":{"0":"post-22256","1":"product","2":"type-product","3":"status-publish","4":"has-post-thumbnail","6":"product_brand-eterle-cz","7":"product_cat-prodane","8":"product_shipping_class-nadrozmerne","10":"first","11":"outofstock","12":"purchasable","13":"product-type-simple"},"_links":{"self":[{"href":"https:\/\/eterle.cz\/eshop\/wp-json\/wp\/v2\/product\/22256","targetHints":{"allow":["GET"]}}],"collection":[{"href":"https:\/\/eterle.cz\/eshop\/wp-json\/wp\/v2\/product"}],"about":[{"href":"https:\/\/eterle.cz\/eshop\/wp-json\/wp\/v2\/types\/product"}],"version-history":[{"count":0,"href":"https:\/\/eterle.cz\/eshop\/wp-json\/wp\/v2\/product\/22256\/revisions"}],"wp:featuredmedia":[{"embeddable":true,"href":"https:\/\/eterle.cz\/eshop\/wp-json\/wp\/v2\/media\/22257"}],"wp:attachment":[{"href":"https:\/\/eterle.cz\/eshop\/wp-json\/wp\/v2\/media?parent=22256"}],"wp:term":[{"taxonomy":"product_brand","embeddable":true,"href":"https:\/\/eterle.cz\/eshop\/wp-json\/wp\/v2\/product_brand?post=22256"},{"taxonomy":"product_cat","embeddable":true,"href":"https:\/\/eterle.cz\/eshop\/wp-json\/wp\/v2\/product_cat?post=22256"},{"taxonomy":"product_tag","embeddable":true,"href":"https:\/\/eterle.cz\/eshop\/wp-json\/wp\/v2\/product_tag?post=22256"}],"curies":[{"name":"wp","href":"https:\/\/api.w.org\/{rel}","templated":true}]}}