{"id":22262,"date":"2024-10-31T01:57:02","date_gmt":"2024-10-31T00:57:02","guid":{"rendered":"https:\/\/eterle.cz\/eshop\/produkt\/skolni-plakat-4\/"},"modified":"2025-02-16T02:43:52","modified_gmt":"2025-02-16T01:43:52","slug":"skolni-plakat-4","status":"publish","type":"product","link":"https:\/\/eterle.cz\/eshop\/produkt\/skolni-plakat-4\/","title":{"rendered":"\u0160koln\u00ed plak\u00e1t"},"content":{"rendered":"<p>\u0160koln\u00ed plak\u00e1t ze s\u00e9rie lidsk\u00e9ho t\u011bla se hod\u00ed nejen do l\u00e9ka\u0159sk\u00e9 ordinace \u010di \u010dek\u00e1rny. V sou\u010dasn\u00e9 dob\u011b jsou plak\u00e1ty i vyhled\u00e1vanou bytovou dekorac\u00ed.<\/p>\n<p>Stav: dobr\u00fd, p\u016fvodn\u00ed<br \/>\nRozm\u011br<br \/>\nV\u00fd\u0161ka: 70 cm<br \/>\n\u0160\u00ed\u0159ka: 100 cm<\/p>\n","protected":false},"excerpt":{"rendered":"<p>\u0160koln\u00ed plak\u00e1t ze s\u00e9rie lidsk\u00e9ho t\u011bla se hod\u00ed nejen do l\u00e9ka\u0159sk\u00e9 ordinace \u010di \u010dek\u00e1rny. V sou\u010dasn\u00e9 dob\u011b jsou plak\u00e1ty i<\/p>\n","protected":false},"featured_media":22263,"template":"","meta":[],"product_brand":[153],"product_cat":[91],"product_tag":[],"class_list":{"0":"post-22262","1":"product","2":"type-product","3":"status-publish","4":"has-post-thumbnail","6":"product_brand-eterle-cz","7":"product_cat-prodane","8":"product_shipping_class-nadrozmerne","10":"first","11":"outofstock","12":"purchasable","13":"product-type-simple"},"_links":{"self":[{"href":"https:\/\/eterle.cz\/eshop\/wp-json\/wp\/v2\/product\/22262","targetHints":{"allow":["GET"]}}],"collection":[{"href":"https:\/\/eterle.cz\/eshop\/wp-json\/wp\/v2\/product"}],"about":[{"href":"https:\/\/eterle.cz\/eshop\/wp-json\/wp\/v2\/types\/product"}],"version-history":[{"count":0,"href":"https:\/\/eterle.cz\/eshop\/wp-json\/wp\/v2\/product\/22262\/revisions"}],"wp:featuredmedia":[{"embeddable":true,"href":"https:\/\/eterle.cz\/eshop\/wp-json\/wp\/v2\/media\/22263"}],"wp:attachment":[{"href":"https:\/\/eterle.cz\/eshop\/wp-json\/wp\/v2\/media?parent=22262"}],"wp:term":[{"taxonomy":"product_brand","embeddable":true,"href":"https:\/\/eterle.cz\/eshop\/wp-json\/wp\/v2\/product_brand?post=22262"},{"taxonomy":"product_cat","embeddable":true,"href":"https:\/\/eterle.cz\/eshop\/wp-json\/wp\/v2\/product_cat?post=22262"},{"taxonomy":"product_tag","embeddable":true,"href":"https:\/\/eterle.cz\/eshop\/wp-json\/wp\/v2\/product_tag?post=22262"}],"curies":[{"name":"wp","href":"https:\/\/api.w.org\/{rel}","templated":true}]}}