{"id":22280,"date":"2024-10-31T01:57:51","date_gmt":"2024-10-31T00:57:51","guid":{"rendered":"https:\/\/eterle.cz\/eshop\/produkt\/skolni-plakat-cekanka\/"},"modified":"2025-02-16T02:43:16","modified_gmt":"2025-02-16T01:43:16","slug":"skolni-plakat-cekanka","status":"publish","type":"product","link":"https:\/\/eterle.cz\/eshop\/produkt\/skolni-plakat-cekanka\/","title":{"rendered":"\u0160koln\u00ed plak\u00e1t \u010dekanka"},"content":{"rendered":"<p>\u0160koln\u00ed plak\u00e1t zn\u00e1zor\u0148uj\u00edc\u00ed jednotliv\u00e9 \u010d\u00e1sti \u010dekanky.<\/p>\n<p>Stav: poma\u010dkan\u00fd a poni\u010den\u00fd od vlhka<br \/>\nRozm\u011br<br \/>\nV\u00fd\u0161ka: 98 cm<br \/>\n\u0160\u00ed\u0159ka: 69,5 cm<\/p>\n","protected":false},"excerpt":{"rendered":"<p>\u0160koln\u00ed plak\u00e1t zn\u00e1zor\u0148uj\u00edc\u00ed jednotliv\u00e9 \u010d\u00e1sti \u010dekanky. Stav: poma\u010dkan\u00fd a poni\u010den\u00fd od vlhka Rozm\u011br V\u00fd\u0161ka: 98 cm \u0160\u00ed\u0159ka: 69,5 cm<\/p>\n","protected":false},"featured_media":22281,"template":"","meta":[],"product_brand":[153],"product_cat":[91],"product_tag":[],"class_list":{"0":"post-22280","1":"product","2":"type-product","3":"status-publish","4":"has-post-thumbnail","6":"product_brand-eterle-cz","7":"product_cat-prodane","8":"product_shipping_class-nadrozmerne","10":"first","11":"outofstock","12":"purchasable","13":"product-type-simple"},"_links":{"self":[{"href":"https:\/\/eterle.cz\/eshop\/wp-json\/wp\/v2\/product\/22280","targetHints":{"allow":["GET"]}}],"collection":[{"href":"https:\/\/eterle.cz\/eshop\/wp-json\/wp\/v2\/product"}],"about":[{"href":"https:\/\/eterle.cz\/eshop\/wp-json\/wp\/v2\/types\/product"}],"version-history":[{"count":0,"href":"https:\/\/eterle.cz\/eshop\/wp-json\/wp\/v2\/product\/22280\/revisions"}],"wp:featuredmedia":[{"embeddable":true,"href":"https:\/\/eterle.cz\/eshop\/wp-json\/wp\/v2\/media\/22281"}],"wp:attachment":[{"href":"https:\/\/eterle.cz\/eshop\/wp-json\/wp\/v2\/media?parent=22280"}],"wp:term":[{"taxonomy":"product_brand","embeddable":true,"href":"https:\/\/eterle.cz\/eshop\/wp-json\/wp\/v2\/product_brand?post=22280"},{"taxonomy":"product_cat","embeddable":true,"href":"https:\/\/eterle.cz\/eshop\/wp-json\/wp\/v2\/product_cat?post=22280"},{"taxonomy":"product_tag","embeddable":true,"href":"https:\/\/eterle.cz\/eshop\/wp-json\/wp\/v2\/product_tag?post=22280"}],"curies":[{"name":"wp","href":"https:\/\/api.w.org\/{rel}","templated":true}]}}