{"id":22291,"date":"2024-11-01T01:37:32","date_gmt":"2024-11-01T00:37:32","guid":{"rendered":"https:\/\/eterle.cz\/eshop\/produkt\/knihovna-3\/"},"modified":"2025-02-16T02:43:15","modified_gmt":"2025-02-16T01:43:15","slug":"knihovna-3","status":"publish","type":"product","link":"https:\/\/eterle.cz\/eshop\/produkt\/knihovna-3\/","title":{"rendered":"Knihovna"},"content":{"rendered":"<p>Retro knihovna z obdob\u00ed 2. poloviny 20. stolet\u00ed. Je p\u0159\u00edkladem kombinace jednoduchosti a prakti\u010dnosti. Zaj\u00edmav\u00e9 jsou tmav\u00e9 detaily, kter\u00e9 p\u016fsob\u00ed s medovou barvou d\u0159eva velmi elegantn\u011b. Knihovna je rozd\u011blena na prosklenou \u010d\u00e1st, dva \u0161upl\u00edky a police za nepr\u016fhledn\u00fdmi posuvn\u00fdmi dv\u00ed\u0159ky.<\/p>\n<p>Stav: dobr\u00fd, p\u016fvodn\u00ed zachoval\u00fd<br \/>\nRozm\u011br<br \/>\nV\u00fd\u0161ka: 163 cm<br \/>\n\u0160\u00ed\u0159ka: 120 cm<br \/>\nHloubka: 45 cm<\/p>\n","protected":false},"excerpt":{"rendered":"<p>Retro knihovna z obdob\u00ed 2. poloviny 20. stolet\u00ed. Je p\u0159\u00edkladem kombinace jednoduchosti a prakti\u010dnosti. Zaj\u00edmav\u00e9 jsou tmav\u00e9 detaily, kter\u00e9 p\u016fsob\u00ed<\/p>\n","protected":false},"featured_media":22292,"template":"","meta":[],"product_brand":[153],"product_cat":[91],"product_tag":[],"class_list":{"0":"post-22291","1":"product","2":"type-product","3":"status-publish","4":"has-post-thumbnail","6":"product_brand-eterle-cz","7":"product_cat-prodane","8":"product_shipping_class-nadrozmerne","10":"first","11":"outofstock","12":"purchasable","13":"product-type-simple"},"_links":{"self":[{"href":"https:\/\/eterle.cz\/eshop\/wp-json\/wp\/v2\/product\/22291","targetHints":{"allow":["GET"]}}],"collection":[{"href":"https:\/\/eterle.cz\/eshop\/wp-json\/wp\/v2\/product"}],"about":[{"href":"https:\/\/eterle.cz\/eshop\/wp-json\/wp\/v2\/types\/product"}],"version-history":[{"count":0,"href":"https:\/\/eterle.cz\/eshop\/wp-json\/wp\/v2\/product\/22291\/revisions"}],"wp:featuredmedia":[{"embeddable":true,"href":"https:\/\/eterle.cz\/eshop\/wp-json\/wp\/v2\/media\/22292"}],"wp:attachment":[{"href":"https:\/\/eterle.cz\/eshop\/wp-json\/wp\/v2\/media?parent=22291"}],"wp:term":[{"taxonomy":"product_brand","embeddable":true,"href":"https:\/\/eterle.cz\/eshop\/wp-json\/wp\/v2\/product_brand?post=22291"},{"taxonomy":"product_cat","embeddable":true,"href":"https:\/\/eterle.cz\/eshop\/wp-json\/wp\/v2\/product_cat?post=22291"},{"taxonomy":"product_tag","embeddable":true,"href":"https:\/\/eterle.cz\/eshop\/wp-json\/wp\/v2\/product_tag?post=22291"}],"curies":[{"name":"wp","href":"https:\/\/api.w.org\/{rel}","templated":true}]}}