{"id":22307,"date":"2024-11-01T01:38:11","date_gmt":"2024-11-01T00:38:11","guid":{"rendered":"https:\/\/eterle.cz\/eshop\/produkt\/lustr-velky-2\/"},"modified":"2025-06-24T01:56:26","modified_gmt":"2025-06-23T23:56:26","slug":"lustr-velky-2","status":"publish","type":"product","link":"https:\/\/eterle.cz\/eshop\/produkt\/lustr-velky-2\/","title":{"rendered":"Lustr velk\u00fd"},"content":{"rendered":"<p>Velk\u00fd lustr z matn\u00e9ho op\u00e1lov\u00e9ho skla ze 70. let minul\u00e9ho stolet\u00ed z Vala\u0161sk\u00e9ho Mezi\u0159\u00ed\u010d\u00ed.<\/p>\n<p>Stav: dobr\u00fd, p\u016fvodn\u00ed a funk\u010dn\u00ed elektroinstalace<br \/>\nRozm\u011br<br \/>\nV\u00fd\u0161ka celkov\u00e1: 125 cm<br \/>\nV\u00fd\u0161ka ty\u010de: 96 cm<br \/>\nPr\u016fm\u011br st\u00ednidla: 38 cm<br \/>\nV\u00fd\u0161ka st\u00ednidla: 30 cm<\/p>\n","protected":false},"excerpt":{"rendered":"<p>Velk\u00fd lustr z matn\u00e9ho op\u00e1lov\u00e9ho skla ze 70. let minul\u00e9ho stolet\u00ed z Vala\u0161sk\u00e9ho Mezi\u0159\u00ed\u010d\u00ed. Stav: dobr\u00fd, p\u016fvodn\u00ed a funk\u010dn\u00ed elektroinstalace<\/p>\n","protected":false},"featured_media":22226,"template":"","meta":[],"product_brand":[153],"product_cat":[79,140],"product_tag":[],"class_list":{"0":"post-22307","1":"product","2":"type-product","3":"status-publish","4":"has-post-thumbnail","6":"product_brand-eterle-cz","7":"product_cat-svetla","8":"product_cat-lustry","9":"product_shipping_class-nadrozmerne","11":"first","12":"instock","13":"purchasable","14":"product-type-simple"},"_links":{"self":[{"href":"https:\/\/eterle.cz\/eshop\/wp-json\/wp\/v2\/product\/22307","targetHints":{"allow":["GET"]}}],"collection":[{"href":"https:\/\/eterle.cz\/eshop\/wp-json\/wp\/v2\/product"}],"about":[{"href":"https:\/\/eterle.cz\/eshop\/wp-json\/wp\/v2\/types\/product"}],"version-history":[{"count":1,"href":"https:\/\/eterle.cz\/eshop\/wp-json\/wp\/v2\/product\/22307\/revisions"}],"predecessor-version":[{"id":26566,"href":"https:\/\/eterle.cz\/eshop\/wp-json\/wp\/v2\/product\/22307\/revisions\/26566"}],"wp:featuredmedia":[{"embeddable":true,"href":"https:\/\/eterle.cz\/eshop\/wp-json\/wp\/v2\/media\/22226"}],"wp:attachment":[{"href":"https:\/\/eterle.cz\/eshop\/wp-json\/wp\/v2\/media?parent=22307"}],"wp:term":[{"taxonomy":"product_brand","embeddable":true,"href":"https:\/\/eterle.cz\/eshop\/wp-json\/wp\/v2\/product_brand?post=22307"},{"taxonomy":"product_cat","embeddable":true,"href":"https:\/\/eterle.cz\/eshop\/wp-json\/wp\/v2\/product_cat?post=22307"},{"taxonomy":"product_tag","embeddable":true,"href":"https:\/\/eterle.cz\/eshop\/wp-json\/wp\/v2\/product_tag?post=22307"}],"curies":[{"name":"wp","href":"https:\/\/api.w.org\/{rel}","templated":true}]}}