{"id":22431,"date":"2024-12-13T16:57:33","date_gmt":"2024-12-13T15:57:33","guid":{"rendered":"https:\/\/eterle.cz\/eshop\/produkt\/stul-pavouk-halabala-4\/"},"modified":"2025-03-04T16:04:23","modified_gmt":"2025-03-04T15:04:23","slug":"stul-pavouk-halabala-4","status":"publish","type":"product","link":"https:\/\/eterle.cz\/eshop\/produkt\/stul-pavouk-halabala-4\/","title":{"rendered":"St\u016fl &#8222;pavouk&#8220; \/ Halabala"},"content":{"rendered":"<p>Legend\u00e1rn\u00ed designov\u011b nad\u010dasov\u00fd stolek s ozna\u010den\u00edm H-259, kter\u00fd je zn\u00e1m\u00fd pod n\u00e1zvem pavouk navrhl v 50. letech 20. stolet\u00ed Jind\u0159icha Halabala pro \u00daP z\u00e1vody.<\/p>\n<p>Stav: po renovaci<br \/>\nZna\u010dka: Halabala<br \/>\nRozm\u011br<br \/>\nV\u00fd\u0161ka: 64 cm<br \/>\nDeska: 65 x 65 cm<\/p>\n<p>&nbsp;<\/p>\n","protected":false},"excerpt":{"rendered":"<p>Legend\u00e1rn\u00ed designov\u011b nad\u010dasov\u00fd stolek s ozna\u010den\u00edm H-259, kter\u00fd je zn\u00e1m\u00fd pod n\u00e1zvem pavouk navrhl v 50. letech 20. stolet\u00ed Jind\u0159icha<\/p>\n","protected":false},"featured_media":22432,"template":"","meta":[],"product_brand":[153],"product_cat":[91],"product_tag":[],"class_list":{"0":"post-22431","1":"product","2":"type-product","3":"status-publish","4":"has-post-thumbnail","6":"product_brand-eterle-cz","7":"product_cat-prodane","8":"product_shipping_class-nadrozmerne","10":"first","11":"outofstock","12":"purchasable","13":"product-type-simple"},"_links":{"self":[{"href":"https:\/\/eterle.cz\/eshop\/wp-json\/wp\/v2\/product\/22431","targetHints":{"allow":["GET"]}}],"collection":[{"href":"https:\/\/eterle.cz\/eshop\/wp-json\/wp\/v2\/product"}],"about":[{"href":"https:\/\/eterle.cz\/eshop\/wp-json\/wp\/v2\/types\/product"}],"version-history":[{"count":1,"href":"https:\/\/eterle.cz\/eshop\/wp-json\/wp\/v2\/product\/22431\/revisions"}],"predecessor-version":[{"id":23114,"href":"https:\/\/eterle.cz\/eshop\/wp-json\/wp\/v2\/product\/22431\/revisions\/23114"}],"wp:featuredmedia":[{"embeddable":true,"href":"https:\/\/eterle.cz\/eshop\/wp-json\/wp\/v2\/media\/22432"}],"wp:attachment":[{"href":"https:\/\/eterle.cz\/eshop\/wp-json\/wp\/v2\/media?parent=22431"}],"wp:term":[{"taxonomy":"product_brand","embeddable":true,"href":"https:\/\/eterle.cz\/eshop\/wp-json\/wp\/v2\/product_brand?post=22431"},{"taxonomy":"product_cat","embeddable":true,"href":"https:\/\/eterle.cz\/eshop\/wp-json\/wp\/v2\/product_cat?post=22431"},{"taxonomy":"product_tag","embeddable":true,"href":"https:\/\/eterle.cz\/eshop\/wp-json\/wp\/v2\/product_tag?post=22431"}],"curies":[{"name":"wp","href":"https:\/\/api.w.org\/{rel}","templated":true}]}}