{"id":22438,"date":"2024-12-13T16:57:46","date_gmt":"2024-12-13T15:57:46","guid":{"rendered":"https:\/\/eterle.cz\/eshop\/produkt\/jidelni-zidle-oswald-haerdtl\/"},"modified":"2025-09-24T23:07:10","modified_gmt":"2025-09-24T21:07:10","slug":"jidelni-zidle-oswald-haerdtl","status":"publish","type":"product","link":"https:\/\/eterle.cz\/eshop\/produkt\/jidelni-zidle-oswald-haerdtl\/","title":{"rendered":"J\u00eddeln\u00ed \u017eidle \/ Oswald Haerdtl"},"content":{"rendered":"<p>J\u00eddeln\u00ed \u017eidle od Oswalda Haerdtla pro Ton vyroben\u00e1 v 50. let minul\u00e9ho stolet\u00ed. \u017didle je nov\u011b \u010daloun\u011bn\u00e1 potahov\u00fdm sametem z It\u00e1lie.<\/p>\n<p>Stav: nov\u00e9 \u010daloun\u011bn\u00ed, d\u0159evo p\u016fvodn\u00ed, d\u00edrky po mrtv\u00e9m \u010dervoto\u010di na jedn\u00e9 noze<br \/>\nZna\u010dka: Oswald Haerdtl<br \/>\nRozm\u011br<br \/>\nV\u00fd\u0161ka: 82 cm<br \/>\n\u0160\u00ed\u0159ka: 45 cm<br \/>\nHloubka: 50 cm<\/p>\n<p>&nbsp;<\/p>\n","protected":false},"excerpt":{"rendered":"<p>J\u00eddeln\u00ed \u017eidle od Oswalda Haerdtla pro Ton vyroben\u00e1 v 50. let minul\u00e9ho stolet\u00ed. \u017didle je nov\u011b \u010daloun\u011bn\u00e1 potahov\u00fdm sametem z<\/p>\n","protected":false},"featured_media":22439,"template":"","meta":[],"product_brand":[153],"product_cat":[91],"product_tag":[],"class_list":{"0":"post-22438","1":"product","2":"type-product","3":"status-publish","4":"has-post-thumbnail","6":"product_brand-eterle-cz","7":"product_cat-prodane","8":"product_shipping_class-nadrozmerne","10":"first","11":"outofstock","12":"purchasable","13":"product-type-simple"},"_links":{"self":[{"href":"https:\/\/eterle.cz\/eshop\/wp-json\/wp\/v2\/product\/22438","targetHints":{"allow":["GET"]}}],"collection":[{"href":"https:\/\/eterle.cz\/eshop\/wp-json\/wp\/v2\/product"}],"about":[{"href":"https:\/\/eterle.cz\/eshop\/wp-json\/wp\/v2\/types\/product"}],"version-history":[{"count":2,"href":"https:\/\/eterle.cz\/eshop\/wp-json\/wp\/v2\/product\/22438\/revisions"}],"predecessor-version":[{"id":24563,"href":"https:\/\/eterle.cz\/eshop\/wp-json\/wp\/v2\/product\/22438\/revisions\/24563"}],"wp:featuredmedia":[{"embeddable":true,"href":"https:\/\/eterle.cz\/eshop\/wp-json\/wp\/v2\/media\/22439"}],"wp:attachment":[{"href":"https:\/\/eterle.cz\/eshop\/wp-json\/wp\/v2\/media?parent=22438"}],"wp:term":[{"taxonomy":"product_brand","embeddable":true,"href":"https:\/\/eterle.cz\/eshop\/wp-json\/wp\/v2\/product_brand?post=22438"},{"taxonomy":"product_cat","embeddable":true,"href":"https:\/\/eterle.cz\/eshop\/wp-json\/wp\/v2\/product_cat?post=22438"},{"taxonomy":"product_tag","embeddable":true,"href":"https:\/\/eterle.cz\/eshop\/wp-json\/wp\/v2\/product_tag?post=22438"}],"curies":[{"name":"wp","href":"https:\/\/api.w.org\/{rel}","templated":true}]}}