{"id":22453,"date":"2024-12-13T16:58:12","date_gmt":"2024-12-13T15:58:12","guid":{"rendered":"https:\/\/eterle.cz\/eshop\/produkt\/hranate-kresilko\/"},"modified":"2025-02-16T02:43:14","modified_gmt":"2025-02-16T01:43:14","slug":"hranate-kresilko","status":"publish","type":"product","link":"https:\/\/eterle.cz\/eshop\/produkt\/hranate-kresilko\/","title":{"rendered":"Hranat\u00e9 k\u0159es\u00edlko"},"content":{"rendered":"<p>Modern\u011b vyzn\u00edvaj\u00edc\u00ed k\u0159eslo v kombinaci \u010dern\u00e9 ko\u017eenky a chromu.<\/p>\n<p>Stav: dobr\u00fd p\u016fvodn\u00ed stav<br \/>\nRozm\u011br<br \/>\nV\u00fd\u0161ka: 78 cm<br \/>\n\u0160\u00ed\u0159ka: 59 cm<br \/>\nHloubka: 56 cm<br \/>\nV\u00fd\u0161ka sed\u00e1ku: 45 cm<\/p>\n<p>&nbsp;<\/p>\n","protected":false},"excerpt":{"rendered":"<p>Modern\u011b vyzn\u00edvaj\u00edc\u00ed k\u0159eslo v kombinaci \u010dern\u00e9 ko\u017eenky a chromu. Stav: dobr\u00fd p\u016fvodn\u00ed stav Rozm\u011br V\u00fd\u0161ka: 78 cm \u0160\u00ed\u0159ka: 59 cm<\/p>\n","protected":false},"featured_media":22454,"template":"","meta":[],"product_brand":[153],"product_cat":[91],"product_tag":[],"class_list":{"0":"post-22453","1":"product","2":"type-product","3":"status-publish","4":"has-post-thumbnail","6":"product_brand-eterle-cz","7":"product_cat-prodane","8":"product_shipping_class-nadrozmerne","10":"first","11":"outofstock","12":"purchasable","13":"product-type-simple"},"_links":{"self":[{"href":"https:\/\/eterle.cz\/eshop\/wp-json\/wp\/v2\/product\/22453","targetHints":{"allow":["GET"]}}],"collection":[{"href":"https:\/\/eterle.cz\/eshop\/wp-json\/wp\/v2\/product"}],"about":[{"href":"https:\/\/eterle.cz\/eshop\/wp-json\/wp\/v2\/types\/product"}],"version-history":[{"count":0,"href":"https:\/\/eterle.cz\/eshop\/wp-json\/wp\/v2\/product\/22453\/revisions"}],"wp:featuredmedia":[{"embeddable":true,"href":"https:\/\/eterle.cz\/eshop\/wp-json\/wp\/v2\/media\/22454"}],"wp:attachment":[{"href":"https:\/\/eterle.cz\/eshop\/wp-json\/wp\/v2\/media?parent=22453"}],"wp:term":[{"taxonomy":"product_brand","embeddable":true,"href":"https:\/\/eterle.cz\/eshop\/wp-json\/wp\/v2\/product_brand?post=22453"},{"taxonomy":"product_cat","embeddable":true,"href":"https:\/\/eterle.cz\/eshop\/wp-json\/wp\/v2\/product_cat?post=22453"},{"taxonomy":"product_tag","embeddable":true,"href":"https:\/\/eterle.cz\/eshop\/wp-json\/wp\/v2\/product_tag?post=22453"}],"curies":[{"name":"wp","href":"https:\/\/api.w.org\/{rel}","templated":true}]}}