{"id":22478,"date":"2024-12-13T16:58:52","date_gmt":"2024-12-13T15:58:52","guid":{"rendered":"https:\/\/eterle.cz\/eshop\/produkt\/registracka\/"},"modified":"2025-02-16T02:43:12","modified_gmt":"2025-02-16T01:43:12","slug":"registracka","status":"publish","type":"product","link":"https:\/\/eterle.cz\/eshop\/produkt\/registracka\/","title":{"rendered":"Registra\u010dka"},"content":{"rendered":"<p>Americk\u00e1 roletov\u00e1 registra\u010dka s funk\u010dn\u00edmi z\u00e1mky a jedn\u00edm kl\u00ed\u010dem nab\u00edzi nespo\u010det mal\u00fdch v\u00fdsuvn\u00fdch poli\u010dek. Je kr\u00e1sn\u00fdm designov\u00fdm prvkem a z\u00e1rove\u0148 praktick\u00fdm n\u00e1bytkem do kancel\u00e1\u0159e.<\/p>\n<p>Stav: P\u016fvodn\u00ed zachoval\u00fd stav, horn\u00ed deska patina &#8211; m\u00edsty chyb\u011bj\u00edc\u00ed d\u00fdha a fleky. Kovov\u00e9 \u010d\u00e1sti koroze<br \/>\nRozm\u011br<br \/>\nV\u00fd\u0161ka: 115,5 cm<br \/>\n\u0160\u00ed\u0159ka: 96 cm<br \/>\nHloubka: 45 cm<\/p>\n<p>&nbsp;<\/p>\n","protected":false},"excerpt":{"rendered":"<p>Americk\u00e1 roletov\u00e1 registra\u010dka s funk\u010dn\u00edmi z\u00e1mky a jedn\u00edm kl\u00ed\u010dem nab\u00edzi nespo\u010det mal\u00fdch v\u00fdsuvn\u00fdch poli\u010dek. Je kr\u00e1sn\u00fdm designov\u00fdm prvkem a z\u00e1rove\u0148<\/p>\n","protected":false},"featured_media":22479,"template":"","meta":[],"product_brand":[153],"product_cat":[91],"product_tag":[],"class_list":{"0":"post-22478","1":"product","2":"type-product","3":"status-publish","4":"has-post-thumbnail","6":"product_brand-eterle-cz","7":"product_cat-prodane","8":"product_shipping_class-nadrozmerne","10":"first","11":"outofstock","12":"purchasable","13":"product-type-simple"},"_links":{"self":[{"href":"https:\/\/eterle.cz\/eshop\/wp-json\/wp\/v2\/product\/22478","targetHints":{"allow":["GET"]}}],"collection":[{"href":"https:\/\/eterle.cz\/eshop\/wp-json\/wp\/v2\/product"}],"about":[{"href":"https:\/\/eterle.cz\/eshop\/wp-json\/wp\/v2\/types\/product"}],"version-history":[{"count":0,"href":"https:\/\/eterle.cz\/eshop\/wp-json\/wp\/v2\/product\/22478\/revisions"}],"wp:featuredmedia":[{"embeddable":true,"href":"https:\/\/eterle.cz\/eshop\/wp-json\/wp\/v2\/media\/22479"}],"wp:attachment":[{"href":"https:\/\/eterle.cz\/eshop\/wp-json\/wp\/v2\/media?parent=22478"}],"wp:term":[{"taxonomy":"product_brand","embeddable":true,"href":"https:\/\/eterle.cz\/eshop\/wp-json\/wp\/v2\/product_brand?post=22478"},{"taxonomy":"product_cat","embeddable":true,"href":"https:\/\/eterle.cz\/eshop\/wp-json\/wp\/v2\/product_cat?post=22478"},{"taxonomy":"product_tag","embeddable":true,"href":"https:\/\/eterle.cz\/eshop\/wp-json\/wp\/v2\/product_tag?post=22478"}],"curies":[{"name":"wp","href":"https:\/\/api.w.org\/{rel}","templated":true}]}}