{"id":22508,"date":"2024-12-13T16:59:39","date_gmt":"2024-12-13T15:59:39","guid":{"rendered":"https:\/\/eterle.cz\/eshop\/produkt\/kvetinovy-stolek-3\/"},"modified":"2025-06-24T01:56:25","modified_gmt":"2025-06-23T23:56:25","slug":"kvetinovy-stolek-3","status":"publish","type":"product","link":"https:\/\/eterle.cz\/eshop\/produkt\/kvetinovy-stolek-3\/","title":{"rendered":"Kv\u011btinov\u00fd stolek"},"content":{"rendered":"<p>Kr\u00e1sn\u00fd staro\u017eitn\u00fd kv\u011btinov\u00fd stolek z obdob\u00ed Art Deca. Asymetrick\u00e1 deskov\u00e1 konstrukce s n\u011bkolika praktick\u00fdmi policemi, n\u00e1padit\u011b zpevn\u011bna a ozvl\u00e1\u010dtn\u011bna barevn\u011b odli\u0161n\u00fdmi kruhy.<\/p>\n<p>Stav: po renovaci p\u016fvodn\u00edm majitelem<br \/>\nRozm\u011br<br \/>\nV\u00fd\u0161ka: 87 cm<br \/>\n\u0160\u00ed\u0159ka: 97 cm<br \/>\nHloubka: 26 cm<br \/>\nHorn\u00ed police 85&#215;19,5, spodn\u00ed police 45&#215;19,5 a 26&#215;42<\/p>\n<p>&nbsp;<\/p>\n","protected":false},"excerpt":{"rendered":"<p>Kr\u00e1sn\u00fd staro\u017eitn\u00fd kv\u011btinov\u00fd stolek z obdob\u00ed Art Deca. Asymetrick\u00e1 deskov\u00e1 konstrukce s n\u011bkolika praktick\u00fdmi policemi, n\u00e1padit\u011b zpevn\u011bna a ozvl\u00e1\u010dtn\u011bna barevn\u011b<\/p>\n","protected":false},"featured_media":22509,"template":"","meta":[],"product_brand":[153],"product_cat":[130,124],"product_tag":[],"class_list":{"0":"post-22508","1":"product","2":"type-product","3":"status-publish","4":"has-post-thumbnail","6":"product_brand-eterle-cz","7":"product_cat-nabytek","8":"product_cat-stoly","9":"product_shipping_class-nadrozmerne","11":"first","12":"instock","13":"featured","14":"purchasable","15":"product-type-simple"},"_links":{"self":[{"href":"https:\/\/eterle.cz\/eshop\/wp-json\/wp\/v2\/product\/22508","targetHints":{"allow":["GET"]}}],"collection":[{"href":"https:\/\/eterle.cz\/eshop\/wp-json\/wp\/v2\/product"}],"about":[{"href":"https:\/\/eterle.cz\/eshop\/wp-json\/wp\/v2\/types\/product"}],"version-history":[{"count":1,"href":"https:\/\/eterle.cz\/eshop\/wp-json\/wp\/v2\/product\/22508\/revisions"}],"predecessor-version":[{"id":26563,"href":"https:\/\/eterle.cz\/eshop\/wp-json\/wp\/v2\/product\/22508\/revisions\/26563"}],"wp:featuredmedia":[{"embeddable":true,"href":"https:\/\/eterle.cz\/eshop\/wp-json\/wp\/v2\/media\/22509"}],"wp:attachment":[{"href":"https:\/\/eterle.cz\/eshop\/wp-json\/wp\/v2\/media?parent=22508"}],"wp:term":[{"taxonomy":"product_brand","embeddable":true,"href":"https:\/\/eterle.cz\/eshop\/wp-json\/wp\/v2\/product_brand?post=22508"},{"taxonomy":"product_cat","embeddable":true,"href":"https:\/\/eterle.cz\/eshop\/wp-json\/wp\/v2\/product_cat?post=22508"},{"taxonomy":"product_tag","embeddable":true,"href":"https:\/\/eterle.cz\/eshop\/wp-json\/wp\/v2\/product_tag?post=22508"}],"curies":[{"name":"wp","href":"https:\/\/api.w.org\/{rel}","templated":true}]}}