{"id":22517,"date":"2024-12-13T16:59:54","date_gmt":"2024-12-13T15:59:54","guid":{"rendered":"https:\/\/eterle.cz\/eshop\/produkt\/set-4-funkcionalistickych-zidli-stam-breauer-dobry-chrom\/"},"modified":"2025-07-20T01:10:29","modified_gmt":"2025-07-19T23:10:29","slug":"set-4-funkcionalistickych-zidli-stam-breauer-dobry-chrom","status":"publish","type":"product","link":"https:\/\/eterle.cz\/eshop\/produkt\/set-4-funkcionalistickych-zidli-stam-breauer-dobry-chrom\/","title":{"rendered":"Set 4 funkcionalistick\u00fdch \u017eidl\u00ed \/ Stam, Breauer"},"content":{"rendered":"<p>Martin Stam p\u0159edstavil tuto funkcionliastickou \u017eidli na v\u00fdstav\u011b ve Stuttgartu v \u010dervnu 1927. Na koncepru konzolov\u00fdch \u017eidl\u00ed u\u017e ale p\u0159edt\u00edm pracoval Marcel Breuer. O autorstv\u00ed t\u011bchto \u017eidl\u00ed byl proto veden mezi design\u00e9ry dlouhodob\u00fd spor.<\/p>\n<p>Stav: d\u0159evo po renovaci, chrom o\u010di\u0161t\u011b\u0148 v slu\u0161n\u00e9m stavu<br \/>\nZna\u010dka: Stam \/ Breauer<br \/>\nRozm\u011br<br \/>\nV\u00fd\u0161ka: 85 cm<br \/>\n\u0160\u00ed\u0159ka: 41 cm<br \/>\nHloubka: 50 cm<br \/>\nV\u00fd\u0161ka sed\u00e1ku: 45 cm<\/p>\n<p>&nbsp;<\/p>\n","protected":false},"excerpt":{"rendered":"<p>Martin Stam p\u0159edstavil tuto funkcionliastickou \u017eidli na v\u00fdstav\u011b ve Stuttgartu v \u010dervnu 1927. Na koncepru konzolov\u00fdch \u017eidl\u00ed u\u017e ale p\u0159edt\u00edm<\/p>\n","protected":false},"featured_media":22518,"template":"","meta":[],"product_brand":[153],"product_cat":[91],"product_tag":[],"class_list":{"0":"post-22517","1":"product","2":"type-product","3":"status-publish","4":"has-post-thumbnail","6":"product_brand-eterle-cz","7":"product_cat-prodane","8":"product_shipping_class-nadrozmerne","10":"first","11":"outofstock","12":"purchasable","13":"product-type-simple"},"_links":{"self":[{"href":"https:\/\/eterle.cz\/eshop\/wp-json\/wp\/v2\/product\/22517","targetHints":{"allow":["GET"]}}],"collection":[{"href":"https:\/\/eterle.cz\/eshop\/wp-json\/wp\/v2\/product"}],"about":[{"href":"https:\/\/eterle.cz\/eshop\/wp-json\/wp\/v2\/types\/product"}],"version-history":[{"count":2,"href":"https:\/\/eterle.cz\/eshop\/wp-json\/wp\/v2\/product\/22517\/revisions"}],"predecessor-version":[{"id":32317,"href":"https:\/\/eterle.cz\/eshop\/wp-json\/wp\/v2\/product\/22517\/revisions\/32317"}],"wp:featuredmedia":[{"embeddable":true,"href":"https:\/\/eterle.cz\/eshop\/wp-json\/wp\/v2\/media\/22518"}],"wp:attachment":[{"href":"https:\/\/eterle.cz\/eshop\/wp-json\/wp\/v2\/media?parent=22517"}],"wp:term":[{"taxonomy":"product_brand","embeddable":true,"href":"https:\/\/eterle.cz\/eshop\/wp-json\/wp\/v2\/product_brand?post=22517"},{"taxonomy":"product_cat","embeddable":true,"href":"https:\/\/eterle.cz\/eshop\/wp-json\/wp\/v2\/product_cat?post=22517"},{"taxonomy":"product_tag","embeddable":true,"href":"https:\/\/eterle.cz\/eshop\/wp-json\/wp\/v2\/product_tag?post=22517"}],"curies":[{"name":"wp","href":"https:\/\/api.w.org\/{rel}","templated":true}]}}