{"id":22555,"date":"2024-12-13T17:19:22","date_gmt":"2024-12-13T16:19:22","guid":{"rendered":"https:\/\/eterle.cz\/eshop\/produkt\/cajova-konvice-weimar\/"},"modified":"2025-12-03T23:53:47","modified_gmt":"2025-12-03T22:53:47","slug":"cajova-konvice-weimar","status":"publish","type":"product","link":"https:\/\/eterle.cz\/eshop\/produkt\/cajova-konvice-weimar\/","title":{"rendered":"\u010cajov\u00e1 konvice \/ Weimar"},"content":{"rendered":"<p>Buclat\u00e1 \u010dajov\u00e1 konvice s plastick\u00fdm vzorem p\u016fsob\u00ed velmi modern\u00edm dojemme, p\u0159esto\u017ee je z minul\u00e9ho sotlet\u00ed. Lze ji kombinovat s modenr\u00edm i stra\u00fdm porcel\u00e1nem.<\/p>\n<p>Stav: velmi dobr\u00fd<br \/>\nZna\u010dka: Weimar<br \/>\nRozm\u011br<br \/>\nV\u00fd\u0161ka: 23 cm<br \/>\nObjem: 1,2 l<\/p>\n","protected":false},"excerpt":{"rendered":"<p>Buclat\u00e1 \u010dajov\u00e1 konvice s plastick\u00fdm vzorem p\u016fsob\u00ed velmi modern\u00edm dojemme, p\u0159esto\u017ee je z minul\u00e9ho sotlet\u00ed. Lze ji kombinovat s modenr\u00edm<\/p>\n","protected":false},"featured_media":22556,"template":"","meta":[],"product_brand":[153],"product_cat":[91],"product_tag":[],"class_list":{"0":"post-22555","1":"product","2":"type-product","3":"status-publish","4":"has-post-thumbnail","6":"product_brand-eterle-cz","7":"product_cat-prodane","9":"first","10":"outofstock","11":"purchasable","12":"product-type-simple"},"_links":{"self":[{"href":"https:\/\/eterle.cz\/eshop\/wp-json\/wp\/v2\/product\/22555","targetHints":{"allow":["GET"]}}],"collection":[{"href":"https:\/\/eterle.cz\/eshop\/wp-json\/wp\/v2\/product"}],"about":[{"href":"https:\/\/eterle.cz\/eshop\/wp-json\/wp\/v2\/types\/product"}],"version-history":[{"count":1,"href":"https:\/\/eterle.cz\/eshop\/wp-json\/wp\/v2\/product\/22555\/revisions"}],"predecessor-version":[{"id":26558,"href":"https:\/\/eterle.cz\/eshop\/wp-json\/wp\/v2\/product\/22555\/revisions\/26558"}],"wp:featuredmedia":[{"embeddable":true,"href":"https:\/\/eterle.cz\/eshop\/wp-json\/wp\/v2\/media\/22556"}],"wp:attachment":[{"href":"https:\/\/eterle.cz\/eshop\/wp-json\/wp\/v2\/media?parent=22555"}],"wp:term":[{"taxonomy":"product_brand","embeddable":true,"href":"https:\/\/eterle.cz\/eshop\/wp-json\/wp\/v2\/product_brand?post=22555"},{"taxonomy":"product_cat","embeddable":true,"href":"https:\/\/eterle.cz\/eshop\/wp-json\/wp\/v2\/product_cat?post=22555"},{"taxonomy":"product_tag","embeddable":true,"href":"https:\/\/eterle.cz\/eshop\/wp-json\/wp\/v2\/product_tag?post=22555"}],"curies":[{"name":"wp","href":"https:\/\/api.w.org\/{rel}","templated":true}]}}