{"id":22560,"date":"2024-12-13T17:19:32","date_gmt":"2024-12-13T16:19:32","guid":{"rendered":"https:\/\/eterle.cz\/eshop\/produkt\/cajova-konvice-palt\/"},"modified":"2025-02-16T02:43:10","modified_gmt":"2025-02-16T01:43:10","slug":"cajova-konvice-palt","status":"publish","type":"product","link":"https:\/\/eterle.cz\/eshop\/produkt\/cajova-konvice-palt\/","title":{"rendered":"\u010cajov\u00e1 konvice \/ Palt"},"content":{"rendered":"<p>Men\u0161\u00ed \u010dajov\u00e1 konvice, kter\u00e1 m\u00e1 v\u0161echno zdoben\u00ed, kter\u00e9 v\u00e1s napadne. M\u00e1 zaj\u00e1mav\u00fd kosen\u00fd tvar, plastick\u00fd vzor, malovan\u00e9 drobn\u00e9 kyti\u010dky a nav\u00edc v\u00fdrazn\u00e9 zlacen\u00ed p\u0159esto nep\u016fsob\u00ed p\u0159epl\u00e1can\u00fdm dojmem.<\/p>\n<p>Stav: dobr\u00fd, m\u00edsty ji\u017e set\u0159eno zlacen\u00ed<br \/>\nZna\u010dka: Palt Czechoslovakia<br \/>\nRozm\u011br<br \/>\nV\u00fd\u0161ka: 22 cm<br \/>\nObjem: 900 ml<\/p>\n","protected":false},"excerpt":{"rendered":"<p>Men\u0161\u00ed \u010dajov\u00e1 konvice, kter\u00e1 m\u00e1 v\u0161echno zdoben\u00ed, kter\u00e9 v\u00e1s napadne. M\u00e1 zaj\u00e1mav\u00fd kosen\u00fd tvar, plastick\u00fd vzor, malovan\u00e9 drobn\u00e9 kyti\u010dky a<\/p>\n","protected":false},"featured_media":22561,"template":"","meta":[],"product_brand":[153],"product_cat":[91],"product_tag":[],"class_list":{"0":"post-22560","1":"product","2":"type-product","3":"status-publish","4":"has-post-thumbnail","6":"product_brand-eterle-cz","7":"product_cat-prodane","9":"first","10":"outofstock","11":"purchasable","12":"product-type-simple"},"_links":{"self":[{"href":"https:\/\/eterle.cz\/eshop\/wp-json\/wp\/v2\/product\/22560","targetHints":{"allow":["GET"]}}],"collection":[{"href":"https:\/\/eterle.cz\/eshop\/wp-json\/wp\/v2\/product"}],"about":[{"href":"https:\/\/eterle.cz\/eshop\/wp-json\/wp\/v2\/types\/product"}],"version-history":[{"count":0,"href":"https:\/\/eterle.cz\/eshop\/wp-json\/wp\/v2\/product\/22560\/revisions"}],"wp:featuredmedia":[{"embeddable":true,"href":"https:\/\/eterle.cz\/eshop\/wp-json\/wp\/v2\/media\/22561"}],"wp:attachment":[{"href":"https:\/\/eterle.cz\/eshop\/wp-json\/wp\/v2\/media?parent=22560"}],"wp:term":[{"taxonomy":"product_brand","embeddable":true,"href":"https:\/\/eterle.cz\/eshop\/wp-json\/wp\/v2\/product_brand?post=22560"},{"taxonomy":"product_cat","embeddable":true,"href":"https:\/\/eterle.cz\/eshop\/wp-json\/wp\/v2\/product_cat?post=22560"},{"taxonomy":"product_tag","embeddable":true,"href":"https:\/\/eterle.cz\/eshop\/wp-json\/wp\/v2\/product_tag?post=22560"}],"curies":[{"name":"wp","href":"https:\/\/api.w.org\/{rel}","templated":true}]}}