{"id":22568,"date":"2024-12-13T17:19:49","date_gmt":"2024-12-13T16:19:49","guid":{"rendered":"https:\/\/eterle.cz\/eshop\/produkt\/cajova-konvice-rosenthal-3\/"},"modified":"2025-06-24T01:56:24","modified_gmt":"2025-06-23T23:56:24","slug":"cajova-konvice-rosenthal-3","status":"publish","type":"product","link":"https:\/\/eterle.cz\/eshop\/produkt\/cajova-konvice-rosenthal-3\/","title":{"rendered":"\u010cajov\u00e1 konvice \/ Rosenthal"},"content":{"rendered":"<p>Velk\u00e1 \u010dajov\u00e1 konvice od n\u011bmeck\u00e9 porcle\u00e1nky Rosenthal s barevn\u011b  v\u00fdrazn\u00fdm kv\u011btinov\u00fdm vzorem.<\/p>\n<p>Stav: velmi dobr\u00fd, pouze zlat\u00fd prou\u017eek na uchu je m\u00edsty set\u0159en\u00fd<br \/>\nZna\u010dka: Rosenthal<br \/>\nRozm\u011br<br \/>\nV\u00fd\u0161ka: 29 cm<br \/>\nObjem: 1,8 l<\/p>\n","protected":false},"excerpt":{"rendered":"<p>Velk\u00e1 \u010dajov\u00e1 konvice od n\u011bmeck\u00e9 porcle\u00e1nky Rosenthal s barevn\u011b v\u00fdrazn\u00fdm kv\u011btinov\u00fdm vzorem. Stav: velmi dobr\u00fd, pouze zlat\u00fd prou\u017eek na uchu<\/p>\n","protected":false},"featured_media":22569,"template":"","meta":[],"product_brand":[153],"product_cat":[76,107,101],"product_tag":[],"class_list":{"0":"post-22568","1":"product","2":"type-product","3":"status-publish","4":"has-post-thumbnail","6":"product_brand-eterle-cz","7":"product_cat-porcelan","8":"product_cat-konvicky","9":"product_cat-rosenthal","11":"first","12":"instock","13":"purchasable","14":"product-type-simple"},"_links":{"self":[{"href":"https:\/\/eterle.cz\/eshop\/wp-json\/wp\/v2\/product\/22568","targetHints":{"allow":["GET"]}}],"collection":[{"href":"https:\/\/eterle.cz\/eshop\/wp-json\/wp\/v2\/product"}],"about":[{"href":"https:\/\/eterle.cz\/eshop\/wp-json\/wp\/v2\/types\/product"}],"version-history":[{"count":1,"href":"https:\/\/eterle.cz\/eshop\/wp-json\/wp\/v2\/product\/22568\/revisions"}],"predecessor-version":[{"id":26557,"href":"https:\/\/eterle.cz\/eshop\/wp-json\/wp\/v2\/product\/22568\/revisions\/26557"}],"wp:featuredmedia":[{"embeddable":true,"href":"https:\/\/eterle.cz\/eshop\/wp-json\/wp\/v2\/media\/22569"}],"wp:attachment":[{"href":"https:\/\/eterle.cz\/eshop\/wp-json\/wp\/v2\/media?parent=22568"}],"wp:term":[{"taxonomy":"product_brand","embeddable":true,"href":"https:\/\/eterle.cz\/eshop\/wp-json\/wp\/v2\/product_brand?post=22568"},{"taxonomy":"product_cat","embeddable":true,"href":"https:\/\/eterle.cz\/eshop\/wp-json\/wp\/v2\/product_cat?post=22568"},{"taxonomy":"product_tag","embeddable":true,"href":"https:\/\/eterle.cz\/eshop\/wp-json\/wp\/v2\/product_tag?post=22568"}],"curies":[{"name":"wp","href":"https:\/\/api.w.org\/{rel}","templated":true}]}}