{"id":22581,"date":"2024-12-13T17:20:18","date_gmt":"2024-12-13T16:20:18","guid":{"rendered":"https:\/\/eterle.cz\/eshop\/produkt\/kavova-sada-rosenthal-2\/"},"modified":"2025-06-24T01:56:24","modified_gmt":"2025-06-23T23:56:24","slug":"kavova-sada-rosenthal-2","status":"publish","type":"product","link":"https:\/\/eterle.cz\/eshop\/produkt\/kavova-sada-rosenthal-2\/","title":{"rendered":"K\u00e1vov\u00e1 sada \/ Rosenthal"},"content":{"rendered":"<p>Avantgardn\u00ed k\u00e1vov\u00e1 sada od n\u011bmeck\u00e9 porcel\u00e1nky Rosenthal ze s\u00e9rie Cupola, kterou navrhl mil\u00e1nsk\u00fd architekt Mario Bellini, se stala jednu z nejpam\u00e1tn\u011bj\u0161\u00edch \u0159ad t\u00e9to porcel\u00e1nky. Sada obsahuje: Konvici, cuk\u0159enku a ml\u00e9kovku<\/p>\n<p>Stav: v\u00fdborn\u00fd<br \/>\nZna\u010dka: Rosenthal<br \/>\nRozm\u011br<br \/>\nKonvice v\u00fd\u0161ka: 23 cm<br \/>\nKonvice objem: 700 ml<br \/>\nMl\u00e9kovka v\u00fd\u0161ka: 12,5 cm<br \/>\nMl\u00e9kovka objem: 230 ml<br \/>\nCuk\u0159enka v\u00fd\u0161ka: 11 cm<\/p>\n","protected":false},"excerpt":{"rendered":"<p>Avantgardn\u00ed k\u00e1vov\u00e1 sada od n\u011bmeck\u00e9 porcel\u00e1nky Rosenthal ze s\u00e9rie Cupola, kterou navrhl mil\u00e1nsk\u00fd architekt Mario Bellini, se stala jednu z<\/p>\n","protected":false},"featured_media":22582,"template":"","meta":[],"product_brand":[153],"product_cat":[76,107,101],"product_tag":[],"class_list":{"0":"post-22581","1":"product","2":"type-product","3":"status-publish","4":"has-post-thumbnail","6":"product_brand-eterle-cz","7":"product_cat-porcelan","8":"product_cat-konvicky","9":"product_cat-rosenthal","11":"first","12":"instock","13":"purchasable","14":"product-type-simple"},"_links":{"self":[{"href":"https:\/\/eterle.cz\/eshop\/wp-json\/wp\/v2\/product\/22581","targetHints":{"allow":["GET"]}}],"collection":[{"href":"https:\/\/eterle.cz\/eshop\/wp-json\/wp\/v2\/product"}],"about":[{"href":"https:\/\/eterle.cz\/eshop\/wp-json\/wp\/v2\/types\/product"}],"version-history":[{"count":1,"href":"https:\/\/eterle.cz\/eshop\/wp-json\/wp\/v2\/product\/22581\/revisions"}],"predecessor-version":[{"id":26555,"href":"https:\/\/eterle.cz\/eshop\/wp-json\/wp\/v2\/product\/22581\/revisions\/26555"}],"wp:featuredmedia":[{"embeddable":true,"href":"https:\/\/eterle.cz\/eshop\/wp-json\/wp\/v2\/media\/22582"}],"wp:attachment":[{"href":"https:\/\/eterle.cz\/eshop\/wp-json\/wp\/v2\/media?parent=22581"}],"wp:term":[{"taxonomy":"product_brand","embeddable":true,"href":"https:\/\/eterle.cz\/eshop\/wp-json\/wp\/v2\/product_brand?post=22581"},{"taxonomy":"product_cat","embeddable":true,"href":"https:\/\/eterle.cz\/eshop\/wp-json\/wp\/v2\/product_cat?post=22581"},{"taxonomy":"product_tag","embeddable":true,"href":"https:\/\/eterle.cz\/eshop\/wp-json\/wp\/v2\/product_tag?post=22581"}],"curies":[{"name":"wp","href":"https:\/\/api.w.org\/{rel}","templated":true}]}}