{"id":22587,"date":"2024-12-13T17:20:31","date_gmt":"2024-12-13T16:20:31","guid":{"rendered":"https:\/\/eterle.cz\/eshop\/produkt\/sada-6-hrnecku-na-kavu-rosenthal\/"},"modified":"2025-06-24T01:56:23","modified_gmt":"2025-06-23T23:56:23","slug":"sada-6-hrnecku-na-kavu-rosenthal","status":"publish","type":"product","link":"https:\/\/eterle.cz\/eshop\/produkt\/sada-6-hrnecku-na-kavu-rosenthal\/","title":{"rendered":"Sada 6 hrne\u010dk\u016f na k\u00e1vu \/ Rosenthal"},"content":{"rendered":"<p>Avantgardn\u00ed sada  \u0161esti hrnk\u016f s pod\u0161\u00e1lkem na k\u00e1vu od n\u011bmeck\u00e9 porcel\u00e1nky Rosenthal ze s\u00e9rie Cupola, kterou navrhl mil\u00e1nsk\u00fd architekt Mario Bellini, se stala jednu z nejpam\u00e1tn\u011bj\u0161\u00edch \u0159ad t\u00e9to porcel\u00e1nky.<\/p>\n<p>Stav: v\u00fdborn\u00fd<br \/>\nZna\u010dka: Rosenthal<br \/>\nRozm\u011br<br \/>\nObjem: 200 ml<br \/>\nV\u00fd\u0161ka: 8 cm<br \/>\nPr\u016fm\u011br pod\u0161\u00e1lku: 13 cm<\/p>\n","protected":false},"excerpt":{"rendered":"<p>Avantgardn\u00ed sada \u0161esti hrnk\u016f s pod\u0161\u00e1lkem na k\u00e1vu od n\u011bmeck\u00e9 porcel\u00e1nky Rosenthal ze s\u00e9rie Cupola, kterou navrhl mil\u00e1nsk\u00fd architekt Mario<\/p>\n","protected":false},"featured_media":22588,"template":"","meta":[],"product_brand":[153],"product_cat":[76,120,101],"product_tag":[],"class_list":{"0":"post-22587","1":"product","2":"type-product","3":"status-publish","4":"has-post-thumbnail","6":"product_brand-eterle-cz","7":"product_cat-porcelan","8":"product_cat-hrnecky","9":"product_cat-rosenthal","11":"first","12":"instock","13":"purchasable","14":"product-type-simple"},"_links":{"self":[{"href":"https:\/\/eterle.cz\/eshop\/wp-json\/wp\/v2\/product\/22587","targetHints":{"allow":["GET"]}}],"collection":[{"href":"https:\/\/eterle.cz\/eshop\/wp-json\/wp\/v2\/product"}],"about":[{"href":"https:\/\/eterle.cz\/eshop\/wp-json\/wp\/v2\/types\/product"}],"version-history":[{"count":1,"href":"https:\/\/eterle.cz\/eshop\/wp-json\/wp\/v2\/product\/22587\/revisions"}],"predecessor-version":[{"id":26554,"href":"https:\/\/eterle.cz\/eshop\/wp-json\/wp\/v2\/product\/22587\/revisions\/26554"}],"wp:featuredmedia":[{"embeddable":true,"href":"https:\/\/eterle.cz\/eshop\/wp-json\/wp\/v2\/media\/22588"}],"wp:attachment":[{"href":"https:\/\/eterle.cz\/eshop\/wp-json\/wp\/v2\/media?parent=22587"}],"wp:term":[{"taxonomy":"product_brand","embeddable":true,"href":"https:\/\/eterle.cz\/eshop\/wp-json\/wp\/v2\/product_brand?post=22587"},{"taxonomy":"product_cat","embeddable":true,"href":"https:\/\/eterle.cz\/eshop\/wp-json\/wp\/v2\/product_cat?post=22587"},{"taxonomy":"product_tag","embeddable":true,"href":"https:\/\/eterle.cz\/eshop\/wp-json\/wp\/v2\/product_tag?post=22587"}],"curies":[{"name":"wp","href":"https:\/\/api.w.org\/{rel}","templated":true}]}}