{"id":22609,"date":"2024-12-13T17:21:15","date_gmt":"2024-12-13T16:21:15","guid":{"rendered":"https:\/\/eterle.cz\/eshop\/produkt\/sada-na-kavu-rosenthal\/"},"modified":"2025-06-24T01:56:23","modified_gmt":"2025-06-23T23:56:23","slug":"sada-na-kavu-rosenthal","status":"publish","type":"product","link":"https:\/\/eterle.cz\/eshop\/produkt\/sada-na-kavu-rosenthal\/","title":{"rendered":"Sada na k\u00e1vu \/ Rosenthal"},"content":{"rendered":"<p>Sada na k\u00e1vu v kobaltov\u011b modr\u00e9 barv\u011b s v\u00fdrazn\u00fdm barevn\u00fdm dekorem od n\u011bmeck\u00e9 porcel\u00e1nky Rosenthal dle n\u00e1vrhu d\u00e1nsk\u00e9ho mal\u00ed\u0159e a design\u00e9ra Bj\u00f8rn Wiinblada. K charakteristick\u00fdm rys\u016fm jeho tvorby pat\u0159\u00ed rozmarn\u00ed lid\u00e9 s kulat\u00fdmi tv\u00e1\u0159emi, oble\u010den\u00ed v nejasn\u00e9m kost\u00fdmu z 19. stolet\u00ed. \u010casto jsou obklopeny p\u0159\u00edrodn\u00edmi prvky: vinnou r\u00e9vou, kv\u011btinov\u00fdmi v\u011bnci a fantastick\u00fdmi stromy. Jeho barvy jsou syt\u00e9 a v\u00fdrazn\u00e9 \u2013 n\u011bkdy a\u017e psychedelick\u00e9 \u2013 a \u010dasto je dopl\u0148uje kovov\u00e1 zlat\u00e1 nebo st\u0159\u00edbrn\u00e1.<\/p>\n<p>Sledujte n\u00e1s na instagramu Sada obsahuje: ml\u00e9kovku, cuk\u0159enku, 6x sn\u00edda\u0148ov\u00e1 sada<\/p>\n<p>Stav: v\u00fdborn\u00fd<br \/>\nZna\u010dka: Rosenthal<br \/>\nRozm\u011br<br \/>\nHrne\u010dek objem: 200 ml<br \/>\nCuk\u0159enka v\u00fd\u0161ka: 8 cm<br \/>\nMl\u00e9kovka v\u00fd\u0161ka: 8,5 cm<br \/>\nMl\u00e9kovka objem: 200 ml<br \/>\nPr\u016fm\u011br pod\u0161\u00e1lku: 14,5 cm<br \/>\nPr\u016fm\u011br dezertn\u00edho tal\u00ed\u0159ku: 17 cm<\/p>\n","protected":false},"excerpt":{"rendered":"<p>Sada na k\u00e1vu v kobaltov\u011b modr\u00e9 barv\u011b s v\u00fdrazn\u00fdm barevn\u00fdm dekorem od n\u011bmeck\u00e9 porcel\u00e1nky Rosenthal dle n\u00e1vrhu d\u00e1nsk\u00e9ho mal\u00ed\u0159e a<\/p>\n","protected":false},"featured_media":22610,"template":"","meta":[],"product_brand":[153],"product_cat":[76,120,101],"product_tag":[],"class_list":{"0":"post-22609","1":"product","2":"type-product","3":"status-publish","4":"has-post-thumbnail","6":"product_brand-eterle-cz","7":"product_cat-porcelan","8":"product_cat-hrnecky","9":"product_cat-rosenthal","11":"first","12":"instock","13":"purchasable","14":"product-type-simple"},"_links":{"self":[{"href":"https:\/\/eterle.cz\/eshop\/wp-json\/wp\/v2\/product\/22609","targetHints":{"allow":["GET"]}}],"collection":[{"href":"https:\/\/eterle.cz\/eshop\/wp-json\/wp\/v2\/product"}],"about":[{"href":"https:\/\/eterle.cz\/eshop\/wp-json\/wp\/v2\/types\/product"}],"version-history":[{"count":1,"href":"https:\/\/eterle.cz\/eshop\/wp-json\/wp\/v2\/product\/22609\/revisions"}],"predecessor-version":[{"id":26551,"href":"https:\/\/eterle.cz\/eshop\/wp-json\/wp\/v2\/product\/22609\/revisions\/26551"}],"wp:featuredmedia":[{"embeddable":true,"href":"https:\/\/eterle.cz\/eshop\/wp-json\/wp\/v2\/media\/22610"}],"wp:attachment":[{"href":"https:\/\/eterle.cz\/eshop\/wp-json\/wp\/v2\/media?parent=22609"}],"wp:term":[{"taxonomy":"product_brand","embeddable":true,"href":"https:\/\/eterle.cz\/eshop\/wp-json\/wp\/v2\/product_brand?post=22609"},{"taxonomy":"product_cat","embeddable":true,"href":"https:\/\/eterle.cz\/eshop\/wp-json\/wp\/v2\/product_cat?post=22609"},{"taxonomy":"product_tag","embeddable":true,"href":"https:\/\/eterle.cz\/eshop\/wp-json\/wp\/v2\/product_tag?post=22609"}],"curies":[{"name":"wp","href":"https:\/\/api.w.org\/{rel}","templated":true}]}}