{"id":22634,"date":"2024-12-13T17:22:05","date_gmt":"2024-12-13T16:22:05","guid":{"rendered":"https:\/\/eterle.cz\/eshop\/produkt\/misa-s-poklopem-rosenthal\/"},"modified":"2025-02-16T02:43:06","modified_gmt":"2025-02-16T01:43:06","slug":"misa-s-poklopem-rosenthal","status":"publish","type":"product","link":"https:\/\/eterle.cz\/eshop\/produkt\/misa-s-poklopem-rosenthal\/","title":{"rendered":"M\u00edsa s poklopem\/ Rosenthal"},"content":{"rendered":"<p>Kr\u00e1sn\u00e1 m\u00edsa s poklopem ve stylu art deco od n\u011bmeck\u00e9 porcel\u00e1nky Rosenthal. N\u00e1dhern\u00fd kosen\u00fd tvar, uchy typick\u00e1 pro toto obdob\u00ed a siln\u00e9 zlacen\u00ed, kter\u00e9 je nepo\u0161kozeno.<\/p>\n<p>Stav: velmi dobr\u00fd, pouze lehce od\u0159en\u00e1 na \u00fachytu na poklopu.<br \/>\nZna\u010dka: Rosenthal<br \/>\nRozm\u011br<br \/>\nObjem: 1,2 l<br \/>\nV\u00fd\u0161ka: 13 cm<br \/>\n\u0160\u00ed\u0159ka: 29 cm<\/p>\n","protected":false},"excerpt":{"rendered":"<p>Kr\u00e1sn\u00e1 m\u00edsa s poklopem ve stylu art deco od n\u011bmeck\u00e9 porcel\u00e1nky Rosenthal. N\u00e1dhern\u00fd kosen\u00fd tvar, uchy typick\u00e1 pro toto obdob\u00ed<\/p>\n","protected":false},"featured_media":22635,"template":"","meta":[],"product_brand":[153],"product_cat":[91],"product_tag":[],"class_list":{"0":"post-22634","1":"product","2":"type-product","3":"status-publish","4":"has-post-thumbnail","6":"product_brand-eterle-cz","7":"product_cat-prodane","9":"first","10":"outofstock","11":"purchasable","12":"product-type-simple"},"_links":{"self":[{"href":"https:\/\/eterle.cz\/eshop\/wp-json\/wp\/v2\/product\/22634","targetHints":{"allow":["GET"]}}],"collection":[{"href":"https:\/\/eterle.cz\/eshop\/wp-json\/wp\/v2\/product"}],"about":[{"href":"https:\/\/eterle.cz\/eshop\/wp-json\/wp\/v2\/types\/product"}],"version-history":[{"count":0,"href":"https:\/\/eterle.cz\/eshop\/wp-json\/wp\/v2\/product\/22634\/revisions"}],"wp:featuredmedia":[{"embeddable":true,"href":"https:\/\/eterle.cz\/eshop\/wp-json\/wp\/v2\/media\/22635"}],"wp:attachment":[{"href":"https:\/\/eterle.cz\/eshop\/wp-json\/wp\/v2\/media?parent=22634"}],"wp:term":[{"taxonomy":"product_brand","embeddable":true,"href":"https:\/\/eterle.cz\/eshop\/wp-json\/wp\/v2\/product_brand?post=22634"},{"taxonomy":"product_cat","embeddable":true,"href":"https:\/\/eterle.cz\/eshop\/wp-json\/wp\/v2\/product_cat?post=22634"},{"taxonomy":"product_tag","embeddable":true,"href":"https:\/\/eterle.cz\/eshop\/wp-json\/wp\/v2\/product_tag?post=22634"}],"curies":[{"name":"wp","href":"https:\/\/api.w.org\/{rel}","templated":true}]}}