{"id":22641,"date":"2024-12-13T17:22:22","date_gmt":"2024-12-13T16:22:22","guid":{"rendered":"https:\/\/eterle.cz\/eshop\/produkt\/polevkova-misa-kpm\/"},"modified":"2025-06-24T01:56:22","modified_gmt":"2025-06-23T23:56:22","slug":"polevkova-misa-kpm","status":"publish","type":"product","link":"https:\/\/eterle.cz\/eshop\/produkt\/polevkova-misa-kpm\/","title":{"rendered":"Pol\u00e9vkov\u00e1 m\u00edsa \/ KPM"},"content":{"rendered":"<p>Velk\u00e1 pol\u00e9vkov\u00e1 m\u00edsa od n\u011bmeck\u00e9 velmi \u00fasp\u011b\u0161n\u00e9 porcel\u00e1nky KPM se hod\u00ed pro velkou rodinu nejen na sv\u00e1te\u010dn\u00ed ob\u011bd. Ru\u010dn\u011b malovan\u00e1 velk\u00fdmi pestr\u00fdmi kv\u011bty, dopln\u011bno drobn\u00fdmi kv\u00edtky na \u00fachytech.<\/p>\n<p>Stav: dobr\u00fd, mal\u00fd o\u0165uk na spodn\u00ed hran\u011b viz foto<br \/>\nZna\u010dka: Rosenthal<br \/>\nRozm\u011br<br \/>\nObjem: 2,4 l<br \/>\nV\u00fd\u0161ka: 23 cm<br \/>\n\u0160\u00ed\u0159ka: 36 cm<\/p>\n","protected":false},"excerpt":{"rendered":"<p>Velk\u00e1 pol\u00e9vkov\u00e1 m\u00edsa od n\u011bmeck\u00e9 velmi \u00fasp\u011b\u0161n\u00e9 porcel\u00e1nky KPM se hod\u00ed pro velkou rodinu nejen na sv\u00e1te\u010dn\u00ed ob\u011bd. Ru\u010dn\u011b malovan\u00e1<\/p>\n","protected":false},"featured_media":22642,"template":"","meta":[],"product_brand":[153],"product_cat":[76,110],"product_tag":[],"class_list":{"0":"post-22641","1":"product","2":"type-product","3":"status-publish","4":"has-post-thumbnail","6":"product_brand-eterle-cz","7":"product_cat-porcelan","8":"product_cat-misy","10":"first","11":"instock","12":"purchasable","13":"product-type-simple"},"_links":{"self":[{"href":"https:\/\/eterle.cz\/eshop\/wp-json\/wp\/v2\/product\/22641","targetHints":{"allow":["GET"]}}],"collection":[{"href":"https:\/\/eterle.cz\/eshop\/wp-json\/wp\/v2\/product"}],"about":[{"href":"https:\/\/eterle.cz\/eshop\/wp-json\/wp\/v2\/types\/product"}],"version-history":[{"count":1,"href":"https:\/\/eterle.cz\/eshop\/wp-json\/wp\/v2\/product\/22641\/revisions"}],"predecessor-version":[{"id":26549,"href":"https:\/\/eterle.cz\/eshop\/wp-json\/wp\/v2\/product\/22641\/revisions\/26549"}],"wp:featuredmedia":[{"embeddable":true,"href":"https:\/\/eterle.cz\/eshop\/wp-json\/wp\/v2\/media\/22642"}],"wp:attachment":[{"href":"https:\/\/eterle.cz\/eshop\/wp-json\/wp\/v2\/media?parent=22641"}],"wp:term":[{"taxonomy":"product_brand","embeddable":true,"href":"https:\/\/eterle.cz\/eshop\/wp-json\/wp\/v2\/product_brand?post=22641"},{"taxonomy":"product_cat","embeddable":true,"href":"https:\/\/eterle.cz\/eshop\/wp-json\/wp\/v2\/product_cat?post=22641"},{"taxonomy":"product_tag","embeddable":true,"href":"https:\/\/eterle.cz\/eshop\/wp-json\/wp\/v2\/product_tag?post=22641"}],"curies":[{"name":"wp","href":"https:\/\/api.w.org\/{rel}","templated":true}]}}