{"id":22651,"date":"2024-12-13T17:22:43","date_gmt":"2024-12-13T16:22:43","guid":{"rendered":"https:\/\/eterle.cz\/eshop\/produkt\/misa-s-poklopem-rosenthal-2\/"},"modified":"2026-04-14T00:44:52","modified_gmt":"2026-04-13T22:44:52","slug":"misa-s-poklopem-rosenthal-2","status":"publish","type":"product","link":"https:\/\/eterle.cz\/eshop\/produkt\/misa-s-poklopem-rosenthal-2\/","title":{"rendered":"M\u00edsa s poklopem \/ Rosenthal"},"content":{"rendered":"<p>Minimalistick\u00e1 m\u00edsa s poklopem od n\u011bmeck\u00e9 porcel\u00e1nky Rosenthal ve smetanov\u00e9 barv\u011b poch\u00e1z\u00ed ze s\u00e9rie Aida.<\/p>\n<p>Stav: velmi dobr\u00fd<br \/>\nZna\u010dka: Rosenthal<br \/>\nRozm\u011br<br \/>\nObjem: 1,2 l<br \/>\nV\u00fd\u0161ka: 16 cm<br \/>\n\u0160\u00ed\u0159ka: 29 cm<\/p>\n","protected":false},"excerpt":{"rendered":"<p>Minimalistick\u00e1 m\u00edsa s poklopem od n\u011bmeck\u00e9 porcel\u00e1nky Rosenthal ve smetanov\u00e9 barv\u011b poch\u00e1z\u00ed ze s\u00e9rie Aida. Stav: velmi dobr\u00fd Zna\u010dka: Rosenthal<\/p>\n","protected":false},"featured_media":22652,"template":"","meta":[],"product_brand":[153],"product_cat":[76,110,101],"product_tag":[],"class_list":{"0":"post-22651","1":"product","2":"type-product","3":"status-publish","4":"has-post-thumbnail","6":"product_brand-eterle-cz","7":"product_cat-porcelan","8":"product_cat-misy","9":"product_cat-rosenthal","11":"first","12":"outofstock","13":"purchasable","14":"product-type-simple"},"_links":{"self":[{"href":"https:\/\/eterle.cz\/eshop\/wp-json\/wp\/v2\/product\/22651","targetHints":{"allow":["GET"]}}],"collection":[{"href":"https:\/\/eterle.cz\/eshop\/wp-json\/wp\/v2\/product"}],"about":[{"href":"https:\/\/eterle.cz\/eshop\/wp-json\/wp\/v2\/types\/product"}],"version-history":[{"count":1,"href":"https:\/\/eterle.cz\/eshop\/wp-json\/wp\/v2\/product\/22651\/revisions"}],"predecessor-version":[{"id":26548,"href":"https:\/\/eterle.cz\/eshop\/wp-json\/wp\/v2\/product\/22651\/revisions\/26548"}],"wp:featuredmedia":[{"embeddable":true,"href":"https:\/\/eterle.cz\/eshop\/wp-json\/wp\/v2\/media\/22652"}],"wp:attachment":[{"href":"https:\/\/eterle.cz\/eshop\/wp-json\/wp\/v2\/media?parent=22651"}],"wp:term":[{"taxonomy":"product_brand","embeddable":true,"href":"https:\/\/eterle.cz\/eshop\/wp-json\/wp\/v2\/product_brand?post=22651"},{"taxonomy":"product_cat","embeddable":true,"href":"https:\/\/eterle.cz\/eshop\/wp-json\/wp\/v2\/product_cat?post=22651"},{"taxonomy":"product_tag","embeddable":true,"href":"https:\/\/eterle.cz\/eshop\/wp-json\/wp\/v2\/product_tag?post=22651"}],"curies":[{"name":"wp","href":"https:\/\/api.w.org\/{rel}","templated":true}]}}