{"id":22678,"date":"2024-12-13T17:23:44","date_gmt":"2024-12-13T16:23:44","guid":{"rendered":"https:\/\/eterle.cz\/eshop\/produkt\/misticka-villeroy-boch\/"},"modified":"2025-06-24T01:56:21","modified_gmt":"2025-06-23T23:56:21","slug":"misticka-villeroy-boch","status":"publish","type":"product","link":"https:\/\/eterle.cz\/eshop\/produkt\/misticka-villeroy-boch\/","title":{"rendered":"Misti\u010dka \/ Villeroy Boch"},"content":{"rendered":"<p>Staro\u017eitn\u00e1 misti\u010dka od renomovan\u00e9 n\u011bmeck\u00e9 spole\u010dnosit Villeroy &#038; Boch, jej\u00ed\u017e historie sah\u00e1 a\u017e do roku 1748, kdy byla zalo\u017eena Fran\u00e7oisem Bochem a Nicolaem Villeroyem. Tato n\u00e1dhern\u00e1 staro\u017eitn\u00e1 misti\u010dka se vzorem elbe je jak z anglick\u00e9ho venkovsk\u00e9ho s\u00eddla, pozoruhodn\u00e9 jsou zejm\u00e9na detaily na \u00fachytech ve tvaru mu\u0161le.<\/p>\n<p>Jako jedna z nejstar\u0161\u00edch a nejzn\u00e1m\u011bj\u0161\u00edch evropsk\u00fdch zna\u010dek si Villeroy &#038; Boch ji\u017e v polovin\u011b 19. stolet\u00ed vybudovala zastoupen\u00ed p\u0159esahuj\u00edc\u00ed Evropu. Od sam\u00e9ho po\u010d\u00e1tku je pr\u016fkopn\u00edkem v oblasti inovativn\u00edch materi\u00e1l\u016f, v\u00fdrobn\u00edch technik a p\u0159edev\u0161\u00edm designu \u2013 jednoho z nejd\u016fle\u017eit\u011bj\u0161\u00edch atribut\u016f zna\u010dky. Souhra mezi tradic\u00ed a modernost\u00ed je kl\u00ed\u010dov\u00fdm faktorem t\u00e9to zna\u010dky.<\/p>\n<p>Stav: dobr\u00fd, bez \u0165uk\u016f, lehce za\u017eloutl\u00e9, co\u017e od\u00e1v\u00e1 na vintage stylu;  p\u0159i detailn\u00edm prohl\u00ed\u017een\u00ed je patrna pavu\u010dinkov\u011b zkrakelovan\u00e1 glazura, co\u017e je u tohoto porcel\u00e1nu b\u011b\u017en\u00e9.<br \/>\nZna\u010dka: Villeroy Boch<br \/>\nRozm\u011br: 25 x 12 cm<\/p>\n","protected":false},"excerpt":{"rendered":"<p>Staro\u017eitn\u00e1 misti\u010dka od renomovan\u00e9 n\u011bmeck\u00e9 spole\u010dnosit Villeroy &#038; Boch, jej\u00ed\u017e historie sah\u00e1 a\u017e do roku 1748, kdy byla zalo\u017eena Fran\u00e7oisem<\/p>\n","protected":false},"featured_media":22679,"template":"","meta":[],"product_brand":[153],"product_cat":[76,110],"product_tag":[],"class_list":{"0":"post-22678","1":"product","2":"type-product","3":"status-publish","4":"has-post-thumbnail","6":"product_brand-eterle-cz","7":"product_cat-porcelan","8":"product_cat-misy","10":"first","11":"instock","12":"purchasable","13":"product-type-simple"},"_links":{"self":[{"href":"https:\/\/eterle.cz\/eshop\/wp-json\/wp\/v2\/product\/22678","targetHints":{"allow":["GET"]}}],"collection":[{"href":"https:\/\/eterle.cz\/eshop\/wp-json\/wp\/v2\/product"}],"about":[{"href":"https:\/\/eterle.cz\/eshop\/wp-json\/wp\/v2\/types\/product"}],"version-history":[{"count":1,"href":"https:\/\/eterle.cz\/eshop\/wp-json\/wp\/v2\/product\/22678\/revisions"}],"predecessor-version":[{"id":26543,"href":"https:\/\/eterle.cz\/eshop\/wp-json\/wp\/v2\/product\/22678\/revisions\/26543"}],"wp:featuredmedia":[{"embeddable":true,"href":"https:\/\/eterle.cz\/eshop\/wp-json\/wp\/v2\/media\/22679"}],"wp:attachment":[{"href":"https:\/\/eterle.cz\/eshop\/wp-json\/wp\/v2\/media?parent=22678"}],"wp:term":[{"taxonomy":"product_brand","embeddable":true,"href":"https:\/\/eterle.cz\/eshop\/wp-json\/wp\/v2\/product_brand?post=22678"},{"taxonomy":"product_cat","embeddable":true,"href":"https:\/\/eterle.cz\/eshop\/wp-json\/wp\/v2\/product_cat?post=22678"},{"taxonomy":"product_tag","embeddable":true,"href":"https:\/\/eterle.cz\/eshop\/wp-json\/wp\/v2\/product_tag?post=22678"}],"curies":[{"name":"wp","href":"https:\/\/api.w.org\/{rel}","templated":true}]}}