{"id":22687,"date":"2024-12-13T17:24:03","date_gmt":"2024-12-13T16:24:03","guid":{"rendered":"https:\/\/eterle.cz\/eshop\/produkt\/myci-sada-villeroy-boch\/"},"modified":"2025-06-24T01:56:21","modified_gmt":"2025-06-23T23:56:21","slug":"myci-sada-villeroy-boch","status":"publish","type":"product","link":"https:\/\/eterle.cz\/eshop\/produkt\/myci-sada-villeroy-boch\/","title":{"rendered":"Myc\u00ed sada \/ Villeroy Boch"},"content":{"rendered":"<p>Myc\u00ed sada ve smetanov\u00e9 barv\u011b se zlat\u00fdm secesn\u00edm zdoben\u00edm od n\u011bmeck\u00e9 od renomovan\u00e9 n\u011bmeck\u00e9 spole\u010dnosit Villeroy &#038; Boch, jej\u00ed\u017e historie sah\u00e1 a\u017e do roku 1748, kdy byla zalo\u017eena Fran\u00e7oisem Bochem a Nicolaem Villeroyem. Vhodn\u00e1 jako dekorace do lo\u017enice \u010di koupelny. <\/p>\n<p>Jako jedna z nejstar\u0161\u00edch a nejzn\u00e1m\u011bj\u0161\u00edch evropsk\u00fdch zna\u010dek si Villeroy &#038; Boch ji\u017e v polovin\u011b 19. stolet\u00ed vybudovala zastoupen\u00ed p\u0159esahuj\u00edc\u00ed Evropu. Od sam\u00e9ho po\u010d\u00e1tku je pr\u016fkopn\u00edkem v oblasti inovativn\u00edch materi\u00e1l\u016f, v\u00fdrobn\u00edch technik a p\u0159edev\u0161\u00edm designu \u2013 jednoho z nejd\u016fle\u017eit\u011bj\u0161\u00edch atribut\u016f zna\u010dky. Souhra mezi tradic\u00ed a modernost\u00ed je kl\u00ed\u010dov\u00fdm faktorem t\u00e9to zna\u010dky.<\/p>\n<p>Stav: d\u017eb\u00e1n vl\u00e1se\u010dnicov\u00e1 prasklina od horn\u00edho okraje cca 4 cm sm\u011brem dolu; n\u00e1doby s poklopem velmi dobr\u00fd, m\u00edsty od\u0159en\u00e1 zlat\u00e1 linka po okraji; umyvadlo m\u00e1 mal\u00fd o\u0165uk na horn\u00ed hran\u011b; z\u00e1kland\u00ed seces\u00ed motiv ve zlat\u00e9 barv\u011b je v perfektn\u00edm stavu. Patrn\u00e1 pavu\u010dinkov\u011b zkrakelovan\u00e1 glazura,<br \/>\nZna\u010dka: Villeroy Boch<br \/>\nRozm\u011br<br \/>\nUmyvadlo v\u00fd\u0161ka: 12 cm<br \/>\nUmyvadlo pr\u016fm\u011br: 34<br \/>\nD\u017eb\u00e1n v\u00fd\u0161ka: 28 cm<br \/>\nRozm\u011br d\u00f3zy: 23 x 9 cm, v\u00fd\u0161ka 7 cm<br \/>\nRozm\u011br d\u00f3zy: 14 x 9,5 cm, v\u00fd\u0161ka 6,5 cm<\/p>\n","protected":false},"excerpt":{"rendered":"<p>Myc\u00ed sada ve smetanov\u00e9 barv\u011b se zlat\u00fdm secesn\u00edm zdoben\u00edm od n\u011bmeck\u00e9 od renomovan\u00e9 n\u011bmeck\u00e9 spole\u010dnosit Villeroy &#038; Boch, jej\u00ed\u017e historie<\/p>\n","protected":false},"featured_media":22688,"template":"","meta":[],"product_brand":[153],"product_cat":[76,113],"product_tag":[],"class_list":{"0":"post-22687","1":"product","2":"type-product","3":"status-publish","4":"has-post-thumbnail","6":"product_brand-eterle-cz","7":"product_cat-porcelan","8":"product_cat-ostatni","10":"first","11":"instock","12":"purchasable","13":"product-type-simple"},"_links":{"self":[{"href":"https:\/\/eterle.cz\/eshop\/wp-json\/wp\/v2\/product\/22687","targetHints":{"allow":["GET"]}}],"collection":[{"href":"https:\/\/eterle.cz\/eshop\/wp-json\/wp\/v2\/product"}],"about":[{"href":"https:\/\/eterle.cz\/eshop\/wp-json\/wp\/v2\/types\/product"}],"version-history":[{"count":1,"href":"https:\/\/eterle.cz\/eshop\/wp-json\/wp\/v2\/product\/22687\/revisions"}],"predecessor-version":[{"id":26541,"href":"https:\/\/eterle.cz\/eshop\/wp-json\/wp\/v2\/product\/22687\/revisions\/26541"}],"wp:featuredmedia":[{"embeddable":true,"href":"https:\/\/eterle.cz\/eshop\/wp-json\/wp\/v2\/media\/22688"}],"wp:attachment":[{"href":"https:\/\/eterle.cz\/eshop\/wp-json\/wp\/v2\/media?parent=22687"}],"wp:term":[{"taxonomy":"product_brand","embeddable":true,"href":"https:\/\/eterle.cz\/eshop\/wp-json\/wp\/v2\/product_brand?post=22687"},{"taxonomy":"product_cat","embeddable":true,"href":"https:\/\/eterle.cz\/eshop\/wp-json\/wp\/v2\/product_cat?post=22687"},{"taxonomy":"product_tag","embeddable":true,"href":"https:\/\/eterle.cz\/eshop\/wp-json\/wp\/v2\/product_tag?post=22687"}],"curies":[{"name":"wp","href":"https:\/\/api.w.org\/{rel}","templated":true}]}}